{"id":942,"date":"2025-10-23T15:41:21","date_gmt":"2025-10-23T15:41:21","guid":{"rendered":"https:\/\/mopycsa.com\/?page_id=942"},"modified":"2025-10-23T15:42:01","modified_gmt":"2025-10-23T15:42:01","slug":"hinca-pilotes","status":"publish","type":"page","link":"https:\/\/mopycsa.com\/en\/hinca-pilotes\/","title":{"rendered":"Hinca-pilotes"},"content":{"rendered":"<div data-elementor-type=\"wp-page\" data-elementor-id=\"942\" class=\"elementor elementor-942\">\n\t\t\t\t\t\t<section class=\"elementor-section elementor-top-section elementor-element elementor-element-2561edbb3 elementor-section-height-min-height elementor-section-content-middle elementor-section-boxed elementor-section-height-default elementor-section-items-middle wpr-particle-no wpr-jarallax-no wpr-parallax-no wpr-sticky-section-no\" data-id=\"2561edbb3\" data-element_type=\"section\" data-settings=\"{&quot;background_background&quot;:&quot;classic&quot;}\">\n\t\t\t\t\t\t\t<div class=\"elementor-background-overlay\"><\/div>\n\t\t\t\t\t\t\t<div class=\"elementor-container elementor-column-gap-default\">\n\t\t\t\t\t<div class=\"elementor-column elementor-col-100 elementor-top-column elementor-element elementor-element-7364e6e4\" data-id=\"7364e6e4\" data-element_type=\"column\">\n\t\t\t<div class=\"elementor-widget-wrap elementor-element-populated\">\n\t\t\t\t\t\t<div class=\"elementor-element elementor-element-775cb650 wpr-fancy-text-zoom wpr-advanced-text-style-animated wpr-animated-text-infinite-yes elementor-widget elementor-widget-wpr-advanced-text\" data-id=\"775cb650\" data-element_type=\"widget\" data-settings=\"{&quot;anim_loop&quot;:&quot;yes&quot;}\" data-widget_type=\"wpr-advanced-text.default\">\n\t\t\t\t<div class=\"elementor-widget-container\">\n\t\t\t\n\t\t<h1 class=\"wpr-advanced-text\">\n\n\t\t\t\t\t\n\t\t\t\t\t\t\t<span class=\"wpr-advanced-text-preffix\">Hinca de Pilotes<\/span>\n\t\t\t\n\t\t<span class=\"wpr-anim-text wpr-anim-text-type-zoom\" data-anim-duration=\"1200,2000\" data-anim-loop=\"yes\">\n\t\t\t<span class=\"wpr-anim-text-inner\">\n\t\t\t\t\t\t\t<\/span>\n\t\t\t\t\t<\/span>\n\n\t\t\t\t\n\t\t<\/h1>\n\t\t\n\t\t\t\t<\/div>\n\t\t\t\t<\/div>\n\t\t\t\t<div class=\"elementor-element elementor-element-5480832b elementor-widget-divider--view-line elementor-widget elementor-widget-divider\" data-id=\"5480832b\" data-element_type=\"widget\" data-widget_type=\"divider.default\">\n\t\t\t\t<div class=\"elementor-widget-container\">\n\t\t\t\t\t<div class=\"elementor-divider\">\n\t\t\t<span class=\"elementor-divider-separator\">\n\t\t\t\t\t\t<\/span>\n\t\t<\/div>\n\t\t\t\t<\/div>\n\t\t\t\t<\/div>\n\t\t\t\t<section class=\"elementor-section elementor-inner-section elementor-element elementor-element-27fe50a9 elementor-section-boxed elementor-section-height-default elementor-section-height-default wpr-particle-no wpr-jarallax-no wpr-parallax-no wpr-sticky-section-no\" data-id=\"27fe50a9\" data-element_type=\"section\">\n\t\t\t\t\t\t<div class=\"elementor-container elementor-column-gap-default\">\n\t\t\t\t\t<div class=\"elementor-column elementor-col-50 elementor-inner-column elementor-element elementor-element-14d343ee\" data-id=\"14d343ee\" data-element_type=\"column\">\n\t\t\t<div class=\"elementor-widget-wrap elementor-element-populated\">\n\t\t\t\t\t\t<div class=\"elementor-element elementor-element-58f9abe2 elementor-widget elementor-widget-text-editor\" data-id=\"58f9abe2\" data-element_type=\"widget\" data-widget_type=\"text-editor.default\">\n\t\t\t\t<div class=\"elementor-widget-container\">\n\t\t\t\t\t\t\t<p>Equipos de vibraci\u00f3n con dise\u00f1o modular pensados para la hinca de tablestacas, pilotes, tubos y perfiles.<\/p>\t\t\t\t\t\t<\/div>\n\t\t\t\t<\/div>\n\t\t\t\t\t<\/div>\n\t\t<\/div>\n\t\t\t\t<div class=\"elementor-column elementor-col-50 elementor-inner-column elementor-element elementor-element-2295a2dd elementor-hidden-mobile\" data-id=\"2295a2dd\" data-element_type=\"column\">\n\t\t\t<div class=\"elementor-widget-wrap\">\n\t\t\t\t\t\t\t<\/div>\n\t\t<\/div>\n\t\t\t\t\t<\/div>\n\t\t<\/section>\n\t\t\t\t\t<\/div>\n\t\t<\/div>\n\t\t\t\t\t<\/div>\n\t\t<\/section>\n\t\t\t\t<section class=\"elementor-section elementor-top-section elementor-element elementor-element-226e5ad elementor-section-boxed elementor-section-height-default elementor-section-height-default wpr-particle-no wpr-jarallax-no wpr-parallax-no wpr-sticky-section-no\" data-id=\"226e5ad\" data-element_type=\"section\">\n\t\t\t\t\t\t<div class=\"elementor-container elementor-column-gap-default\">\n\t\t\t\t\t<div class=\"elementor-column elementor-col-100 elementor-top-column elementor-element elementor-element-9801c37\" data-id=\"9801c37\" data-element_type=\"column\">\n\t\t\t<div class=\"elementor-widget-wrap elementor-element-populated\">\n\t\t\t\t\t\t<div class=\"elementor-element elementor-element-2e50f40 elementor-widget-divider--view-line elementor-widget elementor-widget-divider\" data-id=\"2e50f40\" data-element_type=\"widget\" data-widget_type=\"divider.default\">\n\t\t\t\t<div class=\"elementor-widget-container\">\n\t\t\t\t\t<div class=\"elementor-divider\">\n\t\t\t<span class=\"elementor-divider-separator\">\n\t\t\t\t\t\t<\/span>\n\t\t<\/div>\n\t\t\t\t<\/div>\n\t\t\t\t<\/div>\n\t\t\t\t\t<\/div>\n\t\t<\/div>\n\t\t\t\t\t<\/div>\n\t\t<\/section>\n\t\t<div class=\"elementor-element elementor-element-2c2ac81 e-flex e-con-boxed wpr-particle-no wpr-jarallax-no wpr-parallax-no wpr-sticky-section-no e-con e-parent\" data-id=\"2c2ac81\" data-element_type=\"container\">\n\t\t\t\t\t<div class=\"e-con-inner\">\n\t\t\t\t<div class=\"elementor-element elementor-element-da9decd elementor-widget elementor-widget-text-editor\" data-id=\"da9decd\" data-element_type=\"widget\" data-widget_type=\"text-editor.default\">\n\t\t\t\t<div class=\"elementor-widget-container\">\n\t\t\t\t\t\t\t<p>Los equipos de hinca con martillos hidr\u00e1ulicos est\u00e1n dise\u00f1ados para la instalaci\u00f3n precisa y potente de pilotes de acero, hormig\u00f3n o madera mediante impactos controlados. Ofrecen una energ\u00eda constante y alta eficiencia incluso en suelos duros o compactos. Su robustez y fiabilidad los hacen ideales para proyectos de cimentaci\u00f3n profunda, puentes y estructuras portuarias, garantizando m\u00e1xima penetraci\u00f3n y estabilidad del pilote.<\/p>\t\t\t\t\t\t<\/div>\n\t\t\t\t<\/div>\n\t\t\t\t\t<\/div>\n\t\t\t\t<\/div>\n\t\t<div class=\"elementor-element elementor-element-c6e1ea2 e-flex e-con-boxed wpr-particle-no wpr-jarallax-no wpr-parallax-no wpr-sticky-section-no e-con e-parent\" data-id=\"c6e1ea2\" data-element_type=\"container\">\n\t\t\t\t\t<div class=\"e-con-inner\">\n\t\t<div class=\"elementor-element elementor-element-0f222ef e-con-full e-flex wpr-particle-no wpr-jarallax-no wpr-parallax-no wpr-sticky-section-no e-con e-child\" data-id=\"0f222ef\" data-element_type=\"container\">\n\t\t\t\t<div class=\"elementor-element elementor-element-6ae87c6 elementor-widget elementor-widget-image\" data-id=\"6ae87c6\" data-element_type=\"widget\" data-widget_type=\"image.default\">\n\t\t\t\t<div class=\"elementor-widget-container\">\n\t\t\t\t\t\t\t\t\t\t\t\t\t<img decoding=\"async\" width=\"236\" height=\"96\" src=\"https:\/\/mopycsa.com\/wp-content\/uploads\/2025\/10\/Diseno-sin-titulo-20-1-e1761558632227.png\" class=\"attachment-large size-large wp-image-938\" alt=\"\" srcset=\"https:\/\/mopycsa.com\/wp-content\/uploads\/2025\/10\/Diseno-sin-titulo-20-1-e1761558632227.png 236w, https:\/\/mopycsa.com\/wp-content\/uploads\/2025\/10\/Diseno-sin-titulo-20-1-e1761558632227-18x7.png 18w\" sizes=\"(max-width: 236px) 100vw, 236px\" \/>\t\t\t\t\t\t\t\t\t\t\t\t\t<\/div>\n\t\t\t\t<\/div>\n\t\t\t\t<\/div>\n\t\t<div class=\"elementor-element elementor-element-1d7196a e-con-full e-flex wpr-particle-no wpr-jarallax-no wpr-parallax-no wpr-sticky-section-no e-con e-child\" data-id=\"1d7196a\" data-element_type=\"container\">\n\t\t\t\t<div class=\"elementor-element elementor-element-e0fac68 elementor-widget elementor-widget-image\" data-id=\"e0fac68\" data-element_type=\"widget\" data-widget_type=\"image.default\">\n\t\t\t\t<div class=\"elementor-widget-container\">\n\t\t\t\t\t\t\t\t\t\t\t\t\t<img fetchpriority=\"high\" decoding=\"async\" width=\"236\" height=\"236\" src=\"https:\/\/mopycsa.com\/wp-content\/uploads\/2025\/10\/Diseno-sin-titulo-23.png\" class=\"attachment-large size-large wp-image-944\" alt=\"\" srcset=\"https:\/\/mopycsa.com\/wp-content\/uploads\/2025\/10\/Diseno-sin-titulo-23.png 236w, https:\/\/mopycsa.com\/wp-content\/uploads\/2025\/10\/Diseno-sin-titulo-23-150x150.png 150w, https:\/\/mopycsa.com\/wp-content\/uploads\/2025\/10\/Diseno-sin-titulo-23-12x12.png 12w\" sizes=\"(max-width: 236px) 100vw, 236px\" \/>\t\t\t\t\t\t\t\t\t\t\t\t\t<\/div>\n\t\t\t\t<\/div>\n\t\t\t\t<\/div>\n\t\t\t\t\t<\/div>\n\t\t\t\t<\/div>\n\t\t\t\t<\/div>","protected":false},"excerpt":{"rendered":"<p>Hinca de Pilotes Equipos de vibraci\u00f3n con dise\u00f1o modular pensados para la hinca de tablestacas, pilotes, tubos y perfiles. Los equipos de hinca con martillos hidr\u00e1ulicos est\u00e1n dise\u00f1ados para la instalaci\u00f3n precisa y potente de pilotes de acero, hormig\u00f3n o madera mediante impactos controlados. Ofrecen una energ\u00eda constante y alta eficiencia incluso en suelos duros o compactos. Su robustez y fiabilidad los hacen ideales para proyectos de cimentaci\u00f3n profunda, puentes y estructuras portuarias, garantizando m\u00e1xima penetraci\u00f3n y estabilidad del pilote.<\/p>","protected":false},"author":2,"featured_media":0,"parent":0,"menu_order":0,"comment_status":"closed","ping_status":"closed","template":"","meta":{"footnotes":""},"class_list":["post-942","page","type-page","status-publish","hentry"],"_links":{"self":[{"href":"https:\/\/mopycsa.com\/en\/wp-json\/wp\/v2\/pages\/942","targetHints":{"allow":["GET"]}}],"collection":[{"href":"https:\/\/mopycsa.com\/en\/wp-json\/wp\/v2\/pages"}],"about":[{"href":"https:\/\/mopycsa.com\/en\/wp-json\/wp\/v2\/types\/page"}],"author":[{"embeddable":true,"href":"https:\/\/mopycsa.com\/en\/wp-json\/wp\/v2\/users\/2"}],"replies":[{"embeddable":true,"href":"https:\/\/mopycsa.com\/en\/wp-json\/wp\/v2\/comments?post=942"}],"version-history":[{"count":4,"href":"https:\/\/mopycsa.com\/en\/wp-json\/wp\/v2\/pages\/942\/revisions"}],"predecessor-version":[{"id":947,"href":"https:\/\/mopycsa.com\/en\/wp-json\/wp\/v2\/pages\/942\/revisions\/947"}],"wp:attachment":[{"href":"https:\/\/mopycsa.com\/en\/wp-json\/wp\/v2\/media?parent=942"}],"curies":[{"name":"wp","href":"https:\/\/api.w.org\/{rel}","templated":true}]}}