{"id":915,"date":"2025-10-23T14:48:09","date_gmt":"2025-10-23T14:48:09","guid":{"rendered":"https:\/\/mopycsa.com\/?page_id=915"},"modified":"2025-10-27T11:25:31","modified_gmt":"2025-10-27T11:25:31","slug":"equipos-vibracion","status":"publish","type":"page","link":"https:\/\/mopycsa.com\/en\/equipos-vibracion\/","title":{"rendered":"Equipos-vibracion"},"content":{"rendered":"<div data-elementor-type=\"wp-page\" data-elementor-id=\"915\" class=\"elementor elementor-915\">\n\t\t\t\t\t\t<section class=\"elementor-section elementor-top-section elementor-element elementor-element-2561edbb3 elementor-section-height-min-height elementor-section-content-middle elementor-section-boxed elementor-section-height-default elementor-section-items-middle wpr-particle-no wpr-jarallax-no wpr-parallax-no wpr-sticky-section-no\" data-id=\"2561edbb3\" data-element_type=\"section\" data-settings=\"{&quot;background_background&quot;:&quot;classic&quot;}\">\n\t\t\t\t\t\t\t<div class=\"elementor-background-overlay\"><\/div>\n\t\t\t\t\t\t\t<div class=\"elementor-container elementor-column-gap-default\">\n\t\t\t\t\t<div class=\"elementor-column elementor-col-100 elementor-top-column elementor-element elementor-element-7364e6e4\" data-id=\"7364e6e4\" data-element_type=\"column\">\n\t\t\t<div class=\"elementor-widget-wrap elementor-element-populated\">\n\t\t\t\t\t\t<div class=\"elementor-element elementor-element-775cb650 wpr-fancy-text-zoom wpr-advanced-text-style-animated wpr-animated-text-infinite-yes elementor-widget elementor-widget-wpr-advanced-text\" data-id=\"775cb650\" data-element_type=\"widget\" data-settings=\"{&quot;anim_loop&quot;:&quot;yes&quot;}\" data-widget_type=\"wpr-advanced-text.default\">\n\t\t\t\t<div class=\"elementor-widget-container\">\n\t\t\t\n\t\t<h1 class=\"wpr-advanced-text\">\n\n\t\t\t\t\t\n\t\t\t\t\t\t\t<span class=\"wpr-advanced-text-preffix\">Equipos de Vibraci\u00f3n<\/span>\n\t\t\t\n\t\t<span class=\"wpr-anim-text wpr-anim-text-type-zoom\" data-anim-duration=\"1200,2000\" data-anim-loop=\"yes\">\n\t\t\t<span class=\"wpr-anim-text-inner\">\n\t\t\t\t\t\t\t<\/span>\n\t\t\t\t\t<\/span>\n\n\t\t\t\t\n\t\t<\/h1>\n\t\t\n\t\t\t\t<\/div>\n\t\t\t\t<\/div>\n\t\t\t\t<div class=\"elementor-element elementor-element-5480832b elementor-widget-divider--view-line elementor-widget elementor-widget-divider\" data-id=\"5480832b\" data-element_type=\"widget\" data-widget_type=\"divider.default\">\n\t\t\t\t<div class=\"elementor-widget-container\">\n\t\t\t\t\t<div class=\"elementor-divider\">\n\t\t\t<span class=\"elementor-divider-separator\">\n\t\t\t\t\t\t<\/span>\n\t\t<\/div>\n\t\t\t\t<\/div>\n\t\t\t\t<\/div>\n\t\t\t\t<section class=\"elementor-section elementor-inner-section elementor-element elementor-element-27fe50a9 elementor-section-boxed elementor-section-height-default elementor-section-height-default wpr-particle-no wpr-jarallax-no wpr-parallax-no wpr-sticky-section-no\" data-id=\"27fe50a9\" data-element_type=\"section\">\n\t\t\t\t\t\t<div class=\"elementor-container elementor-column-gap-default\">\n\t\t\t\t\t<div class=\"elementor-column elementor-col-50 elementor-inner-column elementor-element elementor-element-14d343ee\" data-id=\"14d343ee\" data-element_type=\"column\">\n\t\t\t<div class=\"elementor-widget-wrap elementor-element-populated\">\n\t\t\t\t\t\t<div class=\"elementor-element elementor-element-58f9abe2 elementor-widget elementor-widget-text-editor\" data-id=\"58f9abe2\" data-element_type=\"widget\" data-widget_type=\"text-editor.default\">\n\t\t\t\t<div class=\"elementor-widget-container\">\n\t\t\t\t\t\t\t<p>Equipos de vibraci\u00f3n con dise\u00f1o modular pensados para la hinca de tablestacas, pilotes, tubos y perfiles.<\/p>\t\t\t\t\t\t<\/div>\n\t\t\t\t<\/div>\n\t\t\t\t\t<\/div>\n\t\t<\/div>\n\t\t\t\t<div class=\"elementor-column elementor-col-50 elementor-inner-column elementor-element elementor-element-2295a2dd elementor-hidden-mobile\" data-id=\"2295a2dd\" data-element_type=\"column\">\n\t\t\t<div class=\"elementor-widget-wrap\">\n\t\t\t\t\t\t\t<\/div>\n\t\t<\/div>\n\t\t\t\t\t<\/div>\n\t\t<\/section>\n\t\t\t\t\t<\/div>\n\t\t<\/div>\n\t\t\t\t\t<\/div>\n\t\t<\/section>\n\t\t<div class=\"elementor-element elementor-element-3f6ca36 e-flex e-con-boxed wpr-particle-no wpr-jarallax-no wpr-parallax-no wpr-sticky-section-no e-con e-parent\" data-id=\"3f6ca36\" data-element_type=\"container\">\n\t\t\t\t\t<div class=\"e-con-inner\">\n\t\t\t\t<div class=\"elementor-element elementor-element-055b7be elementor-widget elementor-widget-text-editor\" data-id=\"055b7be\" data-element_type=\"widget\" data-widget_type=\"text-editor.default\">\n\t\t\t\t<div class=\"elementor-widget-container\">\n\t\t\t\t\t\t\t<p>Los <strong data-start=\"4\" data-end=\"38\">equipos de hinca por vibraci\u00f3n<\/strong> son sistemas avanzados dise\u00f1ados para la instalaci\u00f3n eficiente de pilotes, tablestacas y tubos mediante energ\u00eda vibratoria. Tanto <strong data-start=\"169\" data-end=\"176\">PTC<\/strong> como <strong data-start=\"182\" data-end=\"191\">MOVAX<\/strong> destacan por su precisi\u00f3n, rapidez y adaptabilidad en todo tipo de terrenos. Estos equipos reducen el impacto ambiental y mejoran la productividad en obras de cimentaci\u00f3n, puertos y proyectos ferroviarios, ofreciendo un control total del proceso de hinca y extracci\u00f3n.<\/p>\t\t\t\t\t\t<\/div>\n\t\t\t\t<\/div>\n\t\t\t\t\t<\/div>\n\t\t\t\t<\/div>\n\t\t\t\t<section class=\"elementor-section elementor-top-section elementor-element elementor-element-226e5ad elementor-section-boxed elementor-section-height-default elementor-section-height-default wpr-particle-no wpr-jarallax-no wpr-parallax-no wpr-sticky-section-no\" data-id=\"226e5ad\" data-element_type=\"section\">\n\t\t\t\t\t\t<div class=\"elementor-container elementor-column-gap-default\">\n\t\t\t\t\t<div class=\"elementor-column elementor-col-100 elementor-top-column elementor-element elementor-element-9801c37\" data-id=\"9801c37\" data-element_type=\"column\">\n\t\t\t<div class=\"elementor-widget-wrap elementor-element-populated\">\n\t\t\t\t\t\t<div class=\"elementor-element elementor-element-2e50f40 elementor-widget-divider--view-line elementor-widget elementor-widget-divider\" data-id=\"2e50f40\" data-element_type=\"widget\" data-widget_type=\"divider.default\">\n\t\t\t\t<div class=\"elementor-widget-container\">\n\t\t\t\t\t<div class=\"elementor-divider\">\n\t\t\t<span class=\"elementor-divider-separator\">\n\t\t\t\t\t\t<\/span>\n\t\t<\/div>\n\t\t\t\t<\/div>\n\t\t\t\t<\/div>\n\t\t\t\t\t<\/div>\n\t\t<\/div>\n\t\t\t\t\t<\/div>\n\t\t<\/section>\n\t\t<div class=\"elementor-element elementor-element-c6e1ea2 e-flex e-con-boxed wpr-particle-no wpr-jarallax-no wpr-parallax-no wpr-sticky-section-no e-con e-parent\" data-id=\"c6e1ea2\" data-element_type=\"container\">\n\t\t\t\t\t<div class=\"e-con-inner\">\n\t\t<div class=\"elementor-element elementor-element-0f222ef e-con-full e-flex wpr-particle-no wpr-jarallax-no wpr-parallax-no wpr-sticky-section-no e-con e-child\" data-id=\"0f222ef\" data-element_type=\"container\">\n\t\t\t\t<div class=\"elementor-element elementor-element-6ae87c6 elementor-widget elementor-widget-image\" data-id=\"6ae87c6\" data-element_type=\"widget\" data-widget_type=\"image.default\">\n\t\t\t\t<div class=\"elementor-widget-container\">\n\t\t\t\t\t\t\t\t\t\t\t\t\t<img decoding=\"async\" width=\"236\" height=\"96\" src=\"https:\/\/mopycsa.com\/wp-content\/uploads\/2025\/10\/Diseno-sin-titulo-20-1-e1761558632227.png\" class=\"attachment-medium size-medium wp-image-938\" alt=\"\" srcset=\"https:\/\/mopycsa.com\/wp-content\/uploads\/2025\/10\/Diseno-sin-titulo-20-1-e1761558632227.png 236w, https:\/\/mopycsa.com\/wp-content\/uploads\/2025\/10\/Diseno-sin-titulo-20-1-e1761558632227-18x7.png 18w\" sizes=\"(max-width: 236px) 100vw, 236px\" \/>\t\t\t\t\t\t\t\t\t\t\t\t\t<\/div>\n\t\t\t\t<\/div>\n\t\t\t\t<\/div>\n\t\t\t\t\t<\/div>\n\t\t\t\t<\/div>\n\t\t<div class=\"elementor-element elementor-element-451e4c0 e-grid e-con-boxed wpr-particle-no wpr-jarallax-no wpr-parallax-no wpr-sticky-section-no e-con e-parent\" data-id=\"451e4c0\" data-element_type=\"container\">\n\t\t\t\t\t<div class=\"e-con-inner\">\n\t\t\t\t<div class=\"elementor-element elementor-element-1f88ac2 elementor-widget elementor-widget-text-editor\" data-id=\"1f88ac2\" data-element_type=\"widget\" data-widget_type=\"text-editor.default\">\n\t\t\t\t<div class=\"elementor-widget-container\">\n\t\t\t\t\t\t\t<h4 class=\"no-margin--top v3-technical-data-container__subtitle\">SG(VA) Variable Active<\/h4>\t\t\t\t\t\t<\/div>\n\t\t\t\t<\/div>\n\t\t\t\t<div class=\"elementor-element elementor-element-f7ca6e9 elementor-widget elementor-widget-text-editor\" data-id=\"f7ca6e9\" data-element_type=\"widget\" data-widget_type=\"text-editor.default\">\n\t\t\t\t<div class=\"elementor-widget-container\">\n\t\t\t\t\t\t\t<h4 class=\"no-margin--top v3-technical-data-container__subtitle\">SG(V) Resonance-free<\/h4>\t\t\t\t\t\t<\/div>\n\t\t\t\t<\/div>\n\t\t\t\t<div class=\"elementor-element elementor-element-aedf2c8 elementor-widget elementor-widget-text-editor\" data-id=\"aedf2c8\" data-element_type=\"widget\" data-widget_type=\"text-editor.default\">\n\t\t\t\t<div class=\"elementor-widget-container\">\n\t\t\t\t\t\t\t<h4 class=\"no-margin--top v3-technical-data-container__subtitle\">SG (STD) Fixed Eccentric<\/h4>\t\t\t\t\t\t<\/div>\n\t\t\t\t<\/div>\n\t\t\t\t\t<\/div>\n\t\t\t\t<\/div>\n\t\t<div class=\"elementor-element elementor-element-056d2ef e-grid e-con-boxed wpr-particle-no wpr-jarallax-no wpr-parallax-no wpr-sticky-section-no e-con e-parent\" data-id=\"056d2ef\" data-element_type=\"container\">\n\t\t\t\t\t<div class=\"e-con-inner\">\n\t\t\t\t<div class=\"elementor-element elementor-element-f7cb2ec elementor-widget elementor-widget-image\" data-id=\"f7cb2ec\" data-element_type=\"widget\" data-widget_type=\"image.default\">\n\t\t\t\t<div class=\"elementor-widget-container\">\n\t\t\t\t\t\t\t\t\t\t\t\t\t<img decoding=\"async\" src=\"https:\/\/mopycsa.com\/wp-content\/uploads\/2025\/10\/SG-80-2-e1761559685530.jpg\" title=\"SG-80-2\" alt=\"\" loading=\"lazy\" \/>\t\t\t\t\t\t\t\t\t\t\t\t\t<\/div>\n\t\t\t\t<\/div>\n\t\t\t\t<div class=\"elementor-element elementor-element-1e636d8 elementor-widget elementor-widget-image\" data-id=\"1e636d8\" data-element_type=\"widget\" data-widget_type=\"image.default\">\n\t\t\t\t<div class=\"elementor-widget-container\">\n\t\t\t\t\t\t\t\t\t\t\t\t\t<img fetchpriority=\"high\" decoding=\"async\" width=\"170\" height=\"300\" src=\"https:\/\/mopycsa.com\/wp-content\/uploads\/2025\/10\/SG-75V-2-170x300.jpg\" class=\"attachment-medium size-medium wp-image-954\" alt=\"\" srcset=\"https:\/\/mopycsa.com\/wp-content\/uploads\/2025\/10\/SG-75V-2-170x300.jpg 170w, https:\/\/mopycsa.com\/wp-content\/uploads\/2025\/10\/SG-75V-2-581x1024.jpg 581w, https:\/\/mopycsa.com\/wp-content\/uploads\/2025\/10\/SG-75V-2-768x1353.jpg 768w, https:\/\/mopycsa.com\/wp-content\/uploads\/2025\/10\/SG-75V-2-872x1536.jpg 872w, https:\/\/mopycsa.com\/wp-content\/uploads\/2025\/10\/SG-75V-2-7x12.jpg 7w, https:\/\/mopycsa.com\/wp-content\/uploads\/2025\/10\/SG-75V-2.jpg 1024w\" sizes=\"(max-width: 170px) 100vw, 170px\" \/>\t\t\t\t\t\t\t\t\t\t\t\t\t<\/div>\n\t\t\t\t<\/div>\n\t\t\t\t<div class=\"elementor-element elementor-element-adef964 elementor-widget elementor-widget-image\" data-id=\"adef964\" data-element_type=\"widget\" data-widget_type=\"image.default\">\n\t\t\t\t<div class=\"elementor-widget-container\">\n\t\t\t\t\t\t\t\t\t\t\t\t\t<img decoding=\"async\" width=\"187\" height=\"300\" src=\"https:\/\/mopycsa.com\/wp-content\/uploads\/2025\/10\/SG-Wem-Image-1-187x300.jpg\" class=\"attachment-medium size-medium wp-image-955\" alt=\"\" srcset=\"https:\/\/mopycsa.com\/wp-content\/uploads\/2025\/10\/SG-Wem-Image-1-187x300.jpg 187w, https:\/\/mopycsa.com\/wp-content\/uploads\/2025\/10\/SG-Wem-Image-1-639x1024.jpg 639w, https:\/\/mopycsa.com\/wp-content\/uploads\/2025\/10\/SG-Wem-Image-1-768x1230.jpg 768w, https:\/\/mopycsa.com\/wp-content\/uploads\/2025\/10\/SG-Wem-Image-1-959x1536.jpg 959w, https:\/\/mopycsa.com\/wp-content\/uploads\/2025\/10\/SG-Wem-Image-1-7x12.jpg 7w, https:\/\/mopycsa.com\/wp-content\/uploads\/2025\/10\/SG-Wem-Image-1.jpg 1024w\" sizes=\"(max-width: 187px) 100vw, 187px\" \/>\t\t\t\t\t\t\t\t\t\t\t\t\t<\/div>\n\t\t\t\t<\/div>\n\t\t\t\t\t<\/div>\n\t\t\t\t<\/div>\n\t\t<div class=\"elementor-element elementor-element-a718b90 e-grid e-con-boxed wpr-particle-no wpr-jarallax-no wpr-parallax-no wpr-sticky-section-no e-con e-parent\" data-id=\"a718b90\" data-element_type=\"container\">\n\t\t\t\t\t<div class=\"e-con-inner\">\n\t\t\t\t\t<\/div>\n\t\t\t\t<\/div>\n\t\t<div class=\"elementor-element elementor-element-d4fa74e e-grid e-con-boxed wpr-particle-no wpr-jarallax-no wpr-parallax-no wpr-sticky-section-no e-con e-parent\" data-id=\"d4fa74e\" data-element_type=\"container\">\n\t\t\t\t\t<div class=\"e-con-inner\">\n\t\t\t\t<div class=\"elementor-element elementor-element-1d17362 elementor-widget__width-initial elementor-widget elementor-widget-text-editor\" data-id=\"1d17362\" data-element_type=\"widget\" data-widget_type=\"text-editor.default\">\n\t\t\t\t<div class=\"elementor-widget-container\">\n\t\t\t\t\t\t\t<h4 class=\"no-margin--top v3-technical-data-container__subtitle\">SG(N) Fixed Eccentric\/Lite<\/h4>\t\t\t\t\t\t<\/div>\n\t\t\t\t<\/div>\n\t\t\t\t<div class=\"elementor-element elementor-element-d33adc9 elementor-widget elementor-widget-text-editor\" data-id=\"d33adc9\" data-element_type=\"widget\" data-widget_type=\"text-editor.default\">\n\t\t\t\t<div class=\"elementor-widget-container\">\n\t\t\t\t\t\t\t<h4><span style=\"font-size: 1.5rem;\">SGL<\/span><\/h4>\t\t\t\t\t\t<\/div>\n\t\t\t\t<\/div>\n\t\t\t\t\t<\/div>\n\t\t\t\t<\/div>\n\t\t<div class=\"elementor-element elementor-element-5a6d4d2 e-grid e-con-boxed wpr-particle-no wpr-jarallax-no wpr-parallax-no wpr-sticky-section-no e-con e-parent\" data-id=\"5a6d4d2\" data-element_type=\"container\">\n\t\t\t\t\t<div class=\"e-con-inner\">\n\t\t\t\t<div class=\"elementor-element elementor-element-03c5904 elementor-widget elementor-widget-image\" data-id=\"03c5904\" data-element_type=\"widget\" data-widget_type=\"image.default\">\n\t\t\t\t<div class=\"elementor-widget-container\">\n\t\t\t\t\t\t\t\t\t\t\t\t\t<img loading=\"lazy\" decoding=\"async\" width=\"185\" height=\"300\" src=\"https:\/\/mopycsa.com\/wp-content\/uploads\/2025\/10\/SG-40N-2019-07-copy-185x300.jpg\" class=\"attachment-medium size-medium wp-image-956\" alt=\"\" srcset=\"https:\/\/mopycsa.com\/wp-content\/uploads\/2025\/10\/SG-40N-2019-07-copy-185x300.jpg 185w, https:\/\/mopycsa.com\/wp-content\/uploads\/2025\/10\/SG-40N-2019-07-copy-633x1024.jpg 633w, https:\/\/mopycsa.com\/wp-content\/uploads\/2025\/10\/SG-40N-2019-07-copy-7x12.jpg 7w, https:\/\/mopycsa.com\/wp-content\/uploads\/2025\/10\/SG-40N-2019-07-copy.jpg 657w\" sizes=\"(max-width: 185px) 100vw, 185px\" \/>\t\t\t\t\t\t\t\t\t\t\t\t\t<\/div>\n\t\t\t\t<\/div>\n\t\t\t\t<div class=\"elementor-element elementor-element-d5e7428 elementor-widget elementor-widget-image\" data-id=\"d5e7428\" data-element_type=\"widget\" data-widget_type=\"image.default\">\n\t\t\t\t<div class=\"elementor-widget-container\">\n\t\t\t\t\t\t\t\t\t\t\t\t\t<img loading=\"lazy\" decoding=\"async\" width=\"200\" height=\"300\" src=\"https:\/\/mopycsa.com\/wp-content\/uploads\/2025\/10\/SGL-15-Yleiskuva-01-200x300.jpg\" class=\"attachment-medium size-medium wp-image-957\" alt=\"\" srcset=\"https:\/\/mopycsa.com\/wp-content\/uploads\/2025\/10\/SGL-15-Yleiskuva-01-200x300.jpg 200w, https:\/\/mopycsa.com\/wp-content\/uploads\/2025\/10\/SGL-15-Yleiskuva-01-683x1024.jpg 683w, https:\/\/mopycsa.com\/wp-content\/uploads\/2025\/10\/SGL-15-Yleiskuva-01-768x1152.jpg 768w, https:\/\/mopycsa.com\/wp-content\/uploads\/2025\/10\/SGL-15-Yleiskuva-01-8x12.jpg 8w, https:\/\/mopycsa.com\/wp-content\/uploads\/2025\/10\/SGL-15-Yleiskuva-01.jpg 1024w\" sizes=\"(max-width: 200px) 100vw, 200px\" \/>\t\t\t\t\t\t\t\t\t\t\t\t\t<\/div>\n\t\t\t\t<\/div>\n\t\t\t\t\t<\/div>\n\t\t\t\t<\/div>\n\t\t<div class=\"elementor-element elementor-element-9ee0110 e-grid e-con-boxed wpr-particle-no wpr-jarallax-no wpr-parallax-no wpr-sticky-section-no e-con e-parent\" data-id=\"9ee0110\" data-element_type=\"container\">\n\t\t\t\t\t<div class=\"e-con-inner\">\n\t\t\t\t\t<\/div>\n\t\t\t\t<\/div>\n\t\t\t\t<section class=\"elementor-section elementor-top-section elementor-element elementor-element-4459bc1 elementor-section-boxed elementor-section-height-default elementor-section-height-default wpr-particle-no wpr-jarallax-no wpr-parallax-no wpr-sticky-section-no\" data-id=\"4459bc1\" data-element_type=\"section\">\n\t\t\t\t\t\t<div class=\"elementor-container elementor-column-gap-default\">\n\t\t\t\t\t<div class=\"elementor-column elementor-col-100 elementor-top-column elementor-element elementor-element-0d522d0\" data-id=\"0d522d0\" data-element_type=\"column\">\n\t\t\t<div class=\"elementor-widget-wrap elementor-element-populated\">\n\t\t\t\t\t\t<div class=\"elementor-element elementor-element-5b720c2 elementor-widget-divider--view-line elementor-widget elementor-widget-divider\" data-id=\"5b720c2\" data-element_type=\"widget\" data-widget_type=\"divider.default\">\n\t\t\t\t<div class=\"elementor-widget-container\">\n\t\t\t\t\t<div class=\"elementor-divider\">\n\t\t\t<span class=\"elementor-divider-separator\">\n\t\t\t\t\t\t<\/span>\n\t\t<\/div>\n\t\t\t\t<\/div>\n\t\t\t\t<\/div>\n\t\t\t\t\t<\/div>\n\t\t<\/div>\n\t\t\t\t\t<\/div>\n\t\t<\/section>\n\t\t<div class=\"elementor-element elementor-element-43e29b9 e-grid e-con-boxed wpr-particle-no wpr-jarallax-no wpr-parallax-no wpr-sticky-section-no e-con e-parent\" data-id=\"43e29b9\" data-element_type=\"container\">\n\t\t\t\t\t<div class=\"e-con-inner\">\n\t\t\t\t<div class=\"elementor-element elementor-element-7d4c629 elementor-widget elementor-widget-image\" data-id=\"7d4c629\" data-element_type=\"widget\" data-widget_type=\"image.default\">\n\t\t\t\t<div class=\"elementor-widget-container\">\n\t\t\t\t\t\t\t\t\t\t\t\t\t<img loading=\"lazy\" decoding=\"async\" width=\"236\" height=\"105\" src=\"https:\/\/mopycsa.com\/wp-content\/uploads\/2025\/10\/Diseno-sin-titulo-19-2-e1761558702701.png\" class=\"attachment-large size-large wp-image-937\" alt=\"\" srcset=\"https:\/\/mopycsa.com\/wp-content\/uploads\/2025\/10\/Diseno-sin-titulo-19-2-e1761558702701.png 236w, https:\/\/mopycsa.com\/wp-content\/uploads\/2025\/10\/Diseno-sin-titulo-19-2-e1761558702701-18x8.png 18w\" sizes=\"(max-width: 236px) 100vw, 236px\" \/>\t\t\t\t\t\t\t\t\t\t\t\t\t<\/div>\n\t\t\t\t<\/div>\n\t\t\t\t\t<\/div>\n\t\t\t\t<\/div>\n\t\t\t\t<\/div>","protected":false},"excerpt":{"rendered":"<p>Equipos de Vibraci\u00f3n Equipos de vibraci\u00f3n con dise\u00f1o modular pensados para la hinca de tablestacas, pilotes, tubos y perfiles. Los equipos de hinca por vibraci\u00f3n son sistemas avanzados dise\u00f1ados para la instalaci\u00f3n eficiente de pilotes, tablestacas y tubos mediante energ\u00eda vibratoria. Tanto PTC como MOVAX destacan por su precisi\u00f3n, rapidez y adaptabilidad en todo tipo de terrenos. Estos equipos reducen el impacto ambiental y mejoran la productividad en obras de cimentaci\u00f3n, puertos y proyectos ferroviarios, ofreciendo un control total del proceso de hinca y extracci\u00f3n. SG(VA) Variable Active SG(V) Resonance-free SG (STD) Fixed Eccentric SG(N) Fixed Eccentric\/Lite SGL<\/p>","protected":false},"author":2,"featured_media":0,"parent":0,"menu_order":0,"comment_status":"closed","ping_status":"closed","template":"","meta":{"footnotes":""},"class_list":["post-915","page","type-page","status-publish","hentry"],"_links":{"self":[{"href":"https:\/\/mopycsa.com\/en\/wp-json\/wp\/v2\/pages\/915","targetHints":{"allow":["GET"]}}],"collection":[{"href":"https:\/\/mopycsa.com\/en\/wp-json\/wp\/v2\/pages"}],"about":[{"href":"https:\/\/mopycsa.com\/en\/wp-json\/wp\/v2\/types\/page"}],"author":[{"embeddable":true,"href":"https:\/\/mopycsa.com\/en\/wp-json\/wp\/v2\/users\/2"}],"replies":[{"embeddable":true,"href":"https:\/\/mopycsa.com\/en\/wp-json\/wp\/v2\/comments?post=915"}],"version-history":[{"count":16,"href":"https:\/\/mopycsa.com\/en\/wp-json\/wp\/v2\/pages\/915\/revisions"}],"predecessor-version":[{"id":963,"href":"https:\/\/mopycsa.com\/en\/wp-json\/wp\/v2\/pages\/915\/revisions\/963"}],"wp:attachment":[{"href":"https:\/\/mopycsa.com\/en\/wp-json\/wp\/v2\/media?parent=915"}],"curies":[{"name":"wp","href":"https:\/\/api.w.org\/{rel}","templated":true}]}}