{"id":824,"date":"2024-11-27T10:47:18","date_gmt":"2024-11-27T10:47:18","guid":{"rendered":"https:\/\/mopycsa.com\/?page_id=824"},"modified":"2025-10-23T14:48:00","modified_gmt":"2025-10-23T14:48:00","slug":"equipos-pequeno-diametro","status":"publish","type":"page","link":"https:\/\/mopycsa.com\/en\/equipos-pequeno-diametro\/","title":{"rendered":"Equipos-peque\u00f1o-diametro"},"content":{"rendered":"<div data-elementor-type=\"wp-page\" data-elementor-id=\"824\" class=\"elementor elementor-824\">\n\t\t\t\t\t\t<section class=\"elementor-section elementor-top-section elementor-element elementor-element-2561edbb3 elementor-section-height-min-height elementor-section-content-middle elementor-section-boxed elementor-section-height-default elementor-section-items-middle wpr-particle-no wpr-jarallax-no wpr-parallax-no wpr-sticky-section-no\" data-id=\"2561edbb3\" data-element_type=\"section\" data-settings=\"{&quot;background_background&quot;:&quot;classic&quot;}\">\n\t\t\t\t\t\t\t<div class=\"elementor-background-overlay\"><\/div>\n\t\t\t\t\t\t\t<div class=\"elementor-container elementor-column-gap-default\">\n\t\t\t\t\t<div class=\"elementor-column elementor-col-100 elementor-top-column elementor-element elementor-element-7364e6e4\" data-id=\"7364e6e4\" data-element_type=\"column\">\n\t\t\t<div class=\"elementor-widget-wrap elementor-element-populated\">\n\t\t\t\t\t\t<div class=\"elementor-element elementor-element-775cb650 wpr-fancy-text-zoom wpr-advanced-text-style-animated wpr-animated-text-infinite-yes elementor-widget elementor-widget-wpr-advanced-text\" data-id=\"775cb650\" data-element_type=\"widget\" data-settings=\"{&quot;anim_loop&quot;:&quot;yes&quot;}\" data-widget_type=\"wpr-advanced-text.default\">\n\t\t\t\t<div class=\"elementor-widget-container\">\n\t\t\t\n\t\t<h1 class=\"wpr-advanced-text\">\n\n\t\t\t\t\t\n\t\t\t\t\t\t\t<span class=\"wpr-advanced-text-preffix\">Equipos de peque\u00f1o di\u00e1metro<\/span>\n\t\t\t\n\t\t<span class=\"wpr-anim-text wpr-anim-text-type-zoom\" data-anim-duration=\"1200,2000\" data-anim-loop=\"yes\">\n\t\t\t<span class=\"wpr-anim-text-inner\">\n\t\t\t\t\t\t\t<\/span>\n\t\t\t\t\t<\/span>\n\n\t\t\t\t\n\t\t<\/h1>\n\t\t\n\t\t\t\t<\/div>\n\t\t\t\t<\/div>\n\t\t\t\t<div class=\"elementor-element elementor-element-5480832b elementor-widget-divider--view-line elementor-widget elementor-widget-divider\" data-id=\"5480832b\" data-element_type=\"widget\" data-widget_type=\"divider.default\">\n\t\t\t\t<div class=\"elementor-widget-container\">\n\t\t\t\t\t<div class=\"elementor-divider\">\n\t\t\t<span class=\"elementor-divider-separator\">\n\t\t\t\t\t\t<\/span>\n\t\t<\/div>\n\t\t\t\t<\/div>\n\t\t\t\t<\/div>\n\t\t\t\t<section class=\"elementor-section elementor-inner-section elementor-element elementor-element-27fe50a9 elementor-section-boxed elementor-section-height-default elementor-section-height-default wpr-particle-no wpr-jarallax-no wpr-parallax-no wpr-sticky-section-no\" data-id=\"27fe50a9\" data-element_type=\"section\">\n\t\t\t\t\t\t<div class=\"elementor-container elementor-column-gap-default\">\n\t\t\t\t\t<div class=\"elementor-column elementor-col-50 elementor-inner-column elementor-element elementor-element-14d343ee\" data-id=\"14d343ee\" data-element_type=\"column\">\n\t\t\t<div class=\"elementor-widget-wrap elementor-element-populated\">\n\t\t\t\t\t\t<div class=\"elementor-element elementor-element-58f9abe2 elementor-widget elementor-widget-text-editor\" data-id=\"58f9abe2\" data-element_type=\"widget\" data-widget_type=\"text-editor.default\">\n\t\t\t\t<div class=\"elementor-widget-container\">\n\t\t\t\t\t\t\t<p>Equipos de perforaci\u00f3n con dise\u00f1o modular pensados para la ejecuci\u00f3n de: Micropilotes, Anclajes, Jet-grouting, Drenaje, Pozos de agua e Investigaci\u00f3n de suelos.<\/p>\t\t\t\t\t\t<\/div>\n\t\t\t\t<\/div>\n\t\t\t\t\t<\/div>\n\t\t<\/div>\n\t\t\t\t<div class=\"elementor-column elementor-col-50 elementor-inner-column elementor-element elementor-element-2295a2dd elementor-hidden-mobile\" data-id=\"2295a2dd\" data-element_type=\"column\">\n\t\t\t<div class=\"elementor-widget-wrap\">\n\t\t\t\t\t\t\t<\/div>\n\t\t<\/div>\n\t\t\t\t\t<\/div>\n\t\t<\/section>\n\t\t\t\t\t<\/div>\n\t\t<\/div>\n\t\t\t\t\t<\/div>\n\t\t<\/section>\n\t\t\t\t<section class=\"elementor-section elementor-top-section elementor-element elementor-element-490fa98a2 elementor-section-boxed elementor-section-height-default elementor-section-height-default wpr-particle-no wpr-jarallax-no wpr-parallax-no wpr-sticky-section-no\" data-id=\"490fa98a2\" data-element_type=\"section\">\n\t\t\t\t\t\t<div class=\"elementor-container elementor-column-gap-default\">\n\t\t\t\t\t<div class=\"elementor-column elementor-col-100 elementor-top-column elementor-element elementor-element-4e7b5e47\" data-id=\"4e7b5e47\" data-element_type=\"column\">\n\t\t\t<div class=\"elementor-widget-wrap elementor-element-populated\">\n\t\t\t\t\t\t<div class=\"elementor-element elementor-element-c8911ae elementor-widget elementor-widget-text-editor\" data-id=\"c8911ae\" data-element_type=\"widget\" data-widget_type=\"text-editor.default\">\n\t\t\t\t<div class=\"elementor-widget-container\">\n\t\t\t\t\t\t\t<p>Los equipos de peque\u00f1o di\u00e1metro de Soilmec son soluciones compactas y vers\u00e1tiles dise\u00f1adas para proyectos de perforaci\u00f3n en espacios reducidos. Ideales para cimentaciones profundas, micropilotes y anclajes, destacan por su tecnolog\u00eda avanzada, f\u00e1cil manejo y eficiencia en terrenos exigentes. Su dise\u00f1o innovador garantiza alto rendimiento en aplicaciones de ingenier\u00eda civil y geot\u00e9cnica.<\/p>\t\t\t\t\t\t<\/div>\n\t\t\t\t<\/div>\n\t\t\t\t\t<\/div>\n\t\t<\/div>\n\t\t\t\t\t<\/div>\n\t\t<\/section>\n\t\t\t\t<section class=\"elementor-section elementor-top-section elementor-element elementor-element-226e5ad elementor-section-boxed elementor-section-height-default elementor-section-height-default wpr-particle-no wpr-jarallax-no wpr-parallax-no wpr-sticky-section-no\" data-id=\"226e5ad\" data-element_type=\"section\">\n\t\t\t\t\t\t<div class=\"elementor-container elementor-column-gap-default\">\n\t\t\t\t\t<div class=\"elementor-column elementor-col-100 elementor-top-column elementor-element elementor-element-9801c37\" data-id=\"9801c37\" data-element_type=\"column\">\n\t\t\t<div class=\"elementor-widget-wrap elementor-element-populated\">\n\t\t\t\t\t\t<div class=\"elementor-element elementor-element-2e50f40 elementor-widget-divider--view-line elementor-widget elementor-widget-divider\" data-id=\"2e50f40\" data-element_type=\"widget\" data-widget_type=\"divider.default\">\n\t\t\t\t<div class=\"elementor-widget-container\">\n\t\t\t\t\t<div class=\"elementor-divider\">\n\t\t\t<span class=\"elementor-divider-separator\">\n\t\t\t\t\t\t<\/span>\n\t\t<\/div>\n\t\t\t\t<\/div>\n\t\t\t\t<\/div>\n\t\t\t\t<section class=\"elementor-section elementor-inner-section elementor-element elementor-element-0402f36 elementor-section-boxed elementor-section-height-default elementor-section-height-default wpr-particle-no wpr-jarallax-no wpr-parallax-no wpr-sticky-section-no\" data-id=\"0402f36\" data-element_type=\"section\">\n\t\t\t\t\t\t<div class=\"elementor-container elementor-column-gap-default\">\n\t\t\t\t\t<div class=\"elementor-column elementor-col-20 elementor-inner-column elementor-element elementor-element-aa0be7f elementor-invisible\" data-id=\"aa0be7f\" data-element_type=\"column\" data-settings=\"{&quot;animation&quot;:&quot;slideInUp&quot;}\">\n\t\t\t<div class=\"elementor-widget-wrap\">\n\t\t\t\t\t\t\t<\/div>\n\t\t<\/div>\n\t\t\t\t<div class=\"elementor-column elementor-col-20 elementor-inner-column elementor-element elementor-element-26dbc92 elementor-invisible\" data-id=\"26dbc92\" data-element_type=\"column\" data-settings=\"{&quot;animation&quot;:&quot;slideInUp&quot;}\">\n\t\t\t<div class=\"elementor-widget-wrap elementor-element-populated\">\n\t\t\t\t\t\t<div class=\"elementor-element elementor-element-726022a elementor-widget elementor-widget-image\" data-id=\"726022a\" data-element_type=\"widget\" data-widget_type=\"image.default\">\n\t\t\t\t<div class=\"elementor-widget-container\">\n\t\t\t\t\t\t\t\t\t\t\t\t\t\t<a href=\"https:\/\/mopycsa.com\/en\/microdrilling-sm6\/\">\n\t\t\t\t\t\t\t<img fetchpriority=\"high\" decoding=\"async\" width=\"283\" height=\"400\" src=\"https:\/\/mopycsa.com\/wp-content\/uploads\/2024\/11\/5586_n_sm6IsoREVMedia.png\" class=\"attachment-large size-large wp-image-832\" alt=\"\" srcset=\"https:\/\/mopycsa.com\/wp-content\/uploads\/2024\/11\/5586_n_sm6IsoREVMedia.png 283w, https:\/\/mopycsa.com\/wp-content\/uploads\/2024\/11\/5586_n_sm6IsoREVMedia-212x300.png 212w, https:\/\/mopycsa.com\/wp-content\/uploads\/2024\/11\/5586_n_sm6IsoREVMedia-8x12.png 8w\" sizes=\"(max-width: 283px) 100vw, 283px\" \/>\t\t\t\t\t\t\t\t<\/a>\n\t\t\t\t\t\t\t\t\t\t\t\t\t<\/div>\n\t\t\t\t<\/div>\n\t\t\t\t<div class=\"elementor-element elementor-element-eb1fd17 elementor-widget elementor-widget-heading\" data-id=\"eb1fd17\" data-element_type=\"widget\" data-widget_type=\"heading.default\">\n\t\t\t\t<div class=\"elementor-widget-container\">\n\t\t\t<h2 class=\"elementor-heading-title elementor-size-default\"><a href=\"https:\/\/mopycsa.com\/en\/microdrilling-sm6\/\">SM-6<\/a><\/h2>\t\t<\/div>\n\t\t\t\t<\/div>\n\t\t\t\t\t<\/div>\n\t\t<\/div>\n\t\t\t\t<div class=\"elementor-column elementor-col-20 elementor-inner-column elementor-element elementor-element-4de98bb elementor-invisible\" data-id=\"4de98bb\" data-element_type=\"column\" data-settings=\"{&quot;animation&quot;:&quot;slideInUp&quot;}\">\n\t\t\t<div class=\"elementor-widget-wrap elementor-element-populated\">\n\t\t\t\t\t\t<div class=\"elementor-element elementor-element-4f938a3 elementor-widget elementor-widget-image\" data-id=\"4f938a3\" data-element_type=\"widget\" data-widget_type=\"image.default\">\n\t\t\t\t<div class=\"elementor-widget-container\">\n\t\t\t\t\t\t\t\t\t\t\t\t\t\t<a href=\"https:\/\/new.mopycsa.com\/pilotadoras-kelly-sr75\/\">\n\t\t\t\t\t\t\t<img decoding=\"async\" width=\"724\" height=\"1024\" src=\"https:\/\/mopycsa.com\/wp-content\/uploads\/2024\/11\/5847_n_SM-13E-Lavoro-Standard-iso-724x1024.png\" class=\"attachment-large size-large wp-image-835\" alt=\"\" srcset=\"https:\/\/mopycsa.com\/wp-content\/uploads\/2024\/11\/5847_n_SM-13E-Lavoro-Standard-iso-724x1024.png 724w, https:\/\/mopycsa.com\/wp-content\/uploads\/2024\/11\/5847_n_SM-13E-Lavoro-Standard-iso-212x300.png 212w, https:\/\/mopycsa.com\/wp-content\/uploads\/2024\/11\/5847_n_SM-13E-Lavoro-Standard-iso-768x1086.png 768w, https:\/\/mopycsa.com\/wp-content\/uploads\/2024\/11\/5847_n_SM-13E-Lavoro-Standard-iso-1086x1536.png 1086w, https:\/\/mopycsa.com\/wp-content\/uploads\/2024\/11\/5847_n_SM-13E-Lavoro-Standard-iso-8x12.png 8w, https:\/\/mopycsa.com\/wp-content\/uploads\/2024\/11\/5847_n_SM-13E-Lavoro-Standard-iso.png 1200w\" sizes=\"(max-width: 724px) 100vw, 724px\" \/>\t\t\t\t\t\t\t\t<\/a>\n\t\t\t\t\t\t\t\t\t\t\t\t\t<\/div>\n\t\t\t\t<\/div>\n\t\t\t\t<div class=\"elementor-element elementor-element-1e0c0a3 elementor-widget elementor-widget-heading\" data-id=\"1e0c0a3\" data-element_type=\"widget\" data-widget_type=\"heading.default\">\n\t\t\t\t<div class=\"elementor-widget-container\">\n\t\t\t<h2 class=\"elementor-heading-title elementor-size-default\"><a href=\"https:\/\/new.mopycsa.com\/pilotadoras-kelly-sr75\/\">SM-13e Etech<\/a><\/h2>\t\t<\/div>\n\t\t\t\t<\/div>\n\t\t\t\t\t<\/div>\n\t\t<\/div>\n\t\t\t\t<div class=\"elementor-column elementor-col-20 elementor-inner-column elementor-element elementor-element-dca2ca8 elementor-invisible\" data-id=\"dca2ca8\" data-element_type=\"column\" data-settings=\"{&quot;animation&quot;:&quot;slideInUp&quot;}\">\n\t\t\t<div class=\"elementor-widget-wrap elementor-element-populated\">\n\t\t\t\t\t\t<div class=\"elementor-element elementor-element-8faafb7 elementor-widget elementor-widget-image\" data-id=\"8faafb7\" data-element_type=\"widget\" data-widget_type=\"image.default\">\n\t\t\t\t<div class=\"elementor-widget-container\">\n\t\t\t\t\t\t\t\t\t\t\t\t\t\t<a href=\"https:\/\/mopycsa.com\/en\/microdrilling-sm14\/\">\n\t\t\t\t\t\t\t<img decoding=\"async\" width=\"283\" height=\"400\" src=\"https:\/\/mopycsa.com\/wp-content\/uploads\/2024\/11\/5587_n_SM14BluIsomedia.png\" class=\"attachment-large size-large wp-image-834\" alt=\"\" srcset=\"https:\/\/mopycsa.com\/wp-content\/uploads\/2024\/11\/5587_n_SM14BluIsomedia.png 283w, https:\/\/mopycsa.com\/wp-content\/uploads\/2024\/11\/5587_n_SM14BluIsomedia-212x300.png 212w, https:\/\/mopycsa.com\/wp-content\/uploads\/2024\/11\/5587_n_SM14BluIsomedia-8x12.png 8w\" sizes=\"(max-width: 283px) 100vw, 283px\" \/>\t\t\t\t\t\t\t\t<\/a>\n\t\t\t\t\t\t\t\t\t\t\t\t\t<\/div>\n\t\t\t\t<\/div>\n\t\t\t\t<div class=\"elementor-element elementor-element-1ab41e9 elementor-widget elementor-widget-heading\" data-id=\"1ab41e9\" data-element_type=\"widget\" data-widget_type=\"heading.default\">\n\t\t\t\t<div class=\"elementor-widget-container\">\n\t\t\t<h2 class=\"elementor-heading-title elementor-size-default\"><a href=\"https:\/\/mopycsa.com\/en\/microdrilling-sm14\/\">SM-14<\/a><\/h2>\t\t<\/div>\n\t\t\t\t<\/div>\n\t\t\t\t\t<\/div>\n\t\t<\/div>\n\t\t\t\t<div class=\"elementor-column elementor-col-20 elementor-inner-column elementor-element elementor-element-0391c4b elementor-invisible\" data-id=\"0391c4b\" data-element_type=\"column\" data-settings=\"{&quot;animation&quot;:&quot;slideInUp&quot;}\">\n\t\t\t<div class=\"elementor-widget-wrap\">\n\t\t\t\t\t\t\t<\/div>\n\t\t<\/div>\n\t\t\t\t\t<\/div>\n\t\t<\/section>\n\t\t\t\t\t<\/div>\n\t\t<\/div>\n\t\t\t\t\t<\/div>\n\t\t<\/section>\n\t\t\t\t<section class=\"elementor-section elementor-top-section elementor-element elementor-element-bd257a1 elementor-section-boxed elementor-section-height-default elementor-section-height-default wpr-particle-no wpr-jarallax-no wpr-parallax-no wpr-sticky-section-no\" data-id=\"bd257a1\" data-element_type=\"section\">\n\t\t\t\t\t\t<div class=\"elementor-container elementor-column-gap-default\">\n\t\t\t\t\t<div class=\"elementor-column elementor-col-100 elementor-top-column elementor-element elementor-element-984200e\" data-id=\"984200e\" data-element_type=\"column\">\n\t\t\t<div class=\"elementor-widget-wrap\">\n\t\t\t\t\t\t\t<\/div>\n\t\t<\/div>\n\t\t\t\t\t<\/div>\n\t\t<\/section>\n\t\t\t\t<section class=\"elementor-section elementor-top-section elementor-element elementor-element-1fc5ab9 elementor-section-boxed elementor-section-height-default elementor-section-height-default wpr-particle-no wpr-jarallax-no wpr-parallax-no wpr-sticky-section-no\" data-id=\"1fc5ab9\" data-element_type=\"section\">\n\t\t\t\t\t\t<div class=\"elementor-container elementor-column-gap-default\">\n\t\t\t\t\t<div class=\"elementor-column elementor-col-100 elementor-top-column elementor-element elementor-element-f6a8862\" data-id=\"f6a8862\" data-element_type=\"column\">\n\t\t\t<div class=\"elementor-widget-wrap elementor-element-populated\">\n\t\t\t\t\t\t<div class=\"elementor-element elementor-element-0199722 elementor-widget-divider--view-line elementor-widget elementor-widget-divider\" data-id=\"0199722\" data-element_type=\"widget\" data-widget_type=\"divider.default\">\n\t\t\t\t<div class=\"elementor-widget-container\">\n\t\t\t\t\t<div class=\"elementor-divider\">\n\t\t\t<span class=\"elementor-divider-separator\">\n\t\t\t\t\t\t<\/span>\n\t\t<\/div>\n\t\t\t\t<\/div>\n\t\t\t\t<\/div>\n\t\t\t\t\t<\/div>\n\t\t<\/div>\n\t\t\t\t\t<\/div>\n\t\t<\/section>\n\t\t\t\t<\/div>","protected":false},"excerpt":{"rendered":"<p>Equipos de peque\u00f1o di\u00e1metro Equipos de perforaci\u00f3n con dise\u00f1o modular pensados para la ejecuci\u00f3n de: Micropilotes, Anclajes, Jet-grouting, Drenaje, Pozos de agua e Investigaci\u00f3n de suelos. Los equipos de peque\u00f1o di\u00e1metro de Soilmec son soluciones compactas y vers\u00e1tiles dise\u00f1adas para proyectos de perforaci\u00f3n en espacios reducidos. Ideales para cimentaciones profundas, micropilotes y anclajes, destacan por su tecnolog\u00eda avanzada, f\u00e1cil manejo y eficiencia en terrenos exigentes. Su dise\u00f1o innovador garantiza alto rendimiento en aplicaciones de ingenier\u00eda civil y geot\u00e9cnica. SM-6 SM-13e Etech SM-14<\/p>","protected":false},"author":2,"featured_media":0,"parent":0,"menu_order":0,"comment_status":"closed","ping_status":"closed","template":"","meta":{"footnotes":""},"class_list":["post-824","page","type-page","status-publish","hentry"],"_links":{"self":[{"href":"https:\/\/mopycsa.com\/en\/wp-json\/wp\/v2\/pages\/824","targetHints":{"allow":["GET"]}}],"collection":[{"href":"https:\/\/mopycsa.com\/en\/wp-json\/wp\/v2\/pages"}],"about":[{"href":"https:\/\/mopycsa.com\/en\/wp-json\/wp\/v2\/types\/page"}],"author":[{"embeddable":true,"href":"https:\/\/mopycsa.com\/en\/wp-json\/wp\/v2\/users\/2"}],"replies":[{"embeddable":true,"href":"https:\/\/mopycsa.com\/en\/wp-json\/wp\/v2\/comments?post=824"}],"version-history":[{"count":13,"href":"https:\/\/mopycsa.com\/en\/wp-json\/wp\/v2\/pages\/824\/revisions"}],"predecessor-version":[{"id":844,"href":"https:\/\/mopycsa.com\/en\/wp-json\/wp\/v2\/pages\/824\/revisions\/844"}],"wp:attachment":[{"href":"https:\/\/mopycsa.com\/en\/wp-json\/wp\/v2\/media?parent=824"}],"curies":[{"name":"wp","href":"https:\/\/api.w.org\/{rel}","templated":true}]}}