{"id":305,"date":"2024-11-07T15:37:16","date_gmt":"2024-11-07T15:37:16","guid":{"rendered":"https:\/\/new.mopycsa.com\/?page_id=305"},"modified":"2024-11-22T09:23:18","modified_gmt":"2024-11-22T09:23:18","slug":"vibracion-movax-sg-va","status":"publish","type":"page","link":"https:\/\/mopycsa.com\/en\/vibracion-movax-sg-va\/","title":{"rendered":"vibracion-movax-sg-va"},"content":{"rendered":"<div data-elementor-type=\"wp-page\" data-elementor-id=\"305\" class=\"elementor elementor-305\">\n\t\t\t\t<div class=\"elementor-element elementor-element-7d4332b e-con-full e-flex wpr-particle-no wpr-jarallax-no wpr-parallax-no wpr-sticky-section-no e-con e-parent\" data-id=\"7d4332b\" data-element_type=\"container\">\n\t\t\t\t<div class=\"elementor-element elementor-element-f6dc81e elementor-widget elementor-widget-heading\" data-id=\"f6dc81e\" data-element_type=\"widget\" data-widget_type=\"heading.default\">\n\t\t\t\t<div class=\"elementor-widget-container\">\n\t\t\t<h2 class=\"elementor-heading-title elementor-size-default\">SG (VA) Variable Active<\/h2>\t\t<\/div>\n\t\t\t\t<\/div>\n\t\t\t\t<div class=\"elementor-element elementor-element-4c2a049 elementor-widget elementor-widget-image\" data-id=\"4c2a049\" data-element_type=\"widget\" data-widget_type=\"image.default\">\n\t\t\t\t<div class=\"elementor-widget-container\">\n\t\t\t\t\t\t\t\t\t\t\t\t\t<img fetchpriority=\"high\" decoding=\"async\" width=\"750\" height=\"1125\" src=\"https:\/\/mopycsa.com\/wp-content\/uploads\/2024\/11\/SG-80-1.jpg\" class=\"attachment-full size-full wp-image-291\" alt=\"\" srcset=\"https:\/\/mopycsa.com\/wp-content\/uploads\/2024\/11\/SG-80-1.jpg 750w, https:\/\/mopycsa.com\/wp-content\/uploads\/2024\/11\/SG-80-1-200x300.jpg 200w, https:\/\/mopycsa.com\/wp-content\/uploads\/2024\/11\/SG-80-1-683x1024.jpg 683w\" sizes=\"(max-width: 750px) 100vw, 750px\" \/>\t\t\t\t\t\t\t\t\t\t\t\t\t<\/div>\n\t\t\t\t<\/div>\n\t\t\t\t<div class=\"elementor-element elementor-element-51006aa elementor-widget elementor-widget-text-editor\" data-id=\"51006aa\" data-element_type=\"widget\" data-widget_type=\"text-editor.default\">\n\t\t\t\t<div class=\"elementor-widget-container\">\n\t\t\t\t\t\t\t<p><strong>MOVAX Side Grip Pile Drivers: Precision and Versatility for Challenging Piling Environments<\/strong><\/p><p>MOVAX Side Grip pile drivers are high-frequency, vibratory-type units mounted on excavators, designed to meet a wide range of piling needs. They offer an ideal solution for projects where precision is critical, or where the worksite is constrained by limited space, headroom, or sensitive environmental conditions.<\/p><p><strong>Key Features and Benefits<\/strong><\/p><p>&#8211; <strong>Excavator-Mounted Design<\/strong>: Provides flexibility and mobility, allowing for precise placement and driving of piles in challenging environments.<br \/>&#8211; <strong>Integrated Handling and Driving<\/strong>: The same unit can handle, position, drive, and even extract various types of piles, completing the entire piling process without manual handling or additional machinery.<br \/>&#8211; <strong>Optimized for Sensitive Environments<\/strong>: Ideal for locations requiring minimal vibration impact or where precision is essential.<br \/>&#8211; <strong>Efficient and Safe Operation<\/strong>: Reduces the need for additional equipment and manual intervention, streamlining operations and improving safety.<\/p><p>MOVAX Side Grip pile drivers are the go-to solution for projects that demand accuracy, efficiency, and adaptability in piling, particularly in tight or sensitive areas.<\/p>\t\t\t\t\t\t<\/div>\n\t\t\t\t<\/div>\n\t\t\t\t<div class=\"elementor-element elementor-element-f9d967c elementor-widget elementor-widget-html\" data-id=\"f9d967c\" data-element_type=\"widget\" data-widget_type=\"html.default\">\n\t\t\t\t<div class=\"elementor-widget-container\">\n\t\t\t<div class=\"col-xxs-12 col-md-6col-md-8 col-lg-9\">\r\n          <h4><\/h4>\r\n          <div class=\"display-flex\">\r\n                <div class=\"col-xxs-12\">\r\n              \r\n  <!--<style type=\"text\/css\">\r\n    table.stage-xlsx{border-collapse:collapse;border-spacing:0}table.stage-xlsx.force-height\r\ntd{height:1em}.stage-xlsx\r\n.num{text-align:right;white-space:nowrap}.stage-xlsx .b-0{font-family:\"Calibri\",sans-serif;font-size:11pt;color:#000}.stage-xlsx-wrap .b-0{white-space:nowrap}.stage-xlsx .b-1{font-family:\"Calibri\",sans-serif;font-size:18pt;color:#000;font-weight:bold;border-bottom-style:solid;border-bottom-width:thin}.stage-xlsx-wrap .b-1{white-space:nowrap}.stage-xlsx .b-2{font-family:\"Calibri\",sans-serif;font-size:11pt;color:#000}.stage-xlsx-wrap .b-2{white-space:nowrap}.stage-xlsx .b-3{font-family:\"Calibri\",sans-serif;font-size:11pt;font-style:italic}.stage-xlsx-wrap .b-3{white-space:nowrap}.stage-xlsx td.c-1{font-family:\"Calibri\",sans-serif;font-size:11pt;text-align:left}.stage-xlsx td.c-2{font-family:\"Calibri\",sans-serif;font-size:11pt;text-align:left}.stage-xlsx td.c-3{font-family:\"Calibri\",sans-serif;font-size:11pt;text-align:left}.stage-xlsx td.c-4{font-family:\"Calibri\",sans-serif;font-size:18pt;font-weight:bold;text-align:left}.stage-xlsx td.c-5{font-family:\"Calibri\",sans-serif;font-size:11pt;text-align:left}.stage-xlsx td.c-6{font-family:\"Calibri\",sans-serif;font-size:11pt;text-align:left}.stage-xlsx td.c-7{font-family:\"Calibri\",sans-serif;font-size:11pt;border-left-style:solid;border-left-width:thin;border-right-style:solid;border-right-width:thin;border-top-style:solid;border-top-width:thin;border-bottom:0;border-left-color:#000;border-right-color:#000;text-align:left}.stage-xlsx td.c-8{font-family:\"Calibri\",sans-serif;font-size:11pt;border-left-style:solid;border-left-width:thin;border-right-style:solid;border-right-width:thin;border-top:0;border-bottom:0;border-left-color:#000;border-right-color:#000;text-align:left}.stage-xlsx td.c-9{font-family:\"Calibri\",sans-serif;font-size:11pt;border-left-style:solid;border-left-width:thin;border-right-style:solid;border-right-width:thin;border-top:0;border-bottom:0;border-left-color:#000;border-right-color:#000;text-align:left}.stage-xlsx td.c-10{font-family:\"Calibri\",sans-serif;font-size:11pt;border-left:0;border-right:0;border-top-style:solid;border-top-width:thin;border-bottom:0;border-top-color:#000;text-align:left}.stage-xlsx td.c-11{font-family:\"Calibri\",sans-serif;font-size:11pt;border-left-style:solid;border-left-width:thin;border-right-style:solid;border-right-width:thin;border-top-style:solid;border-top-width:thin;border-bottom:0;border-left-color:#000;border-right-color:#000;border-top-color:#000;text-align:left}.stage-xlsx td.c-12{font-family:\"Calibri\",sans-serif;font-size:18pt;font-weight:bold;border-left:0;border-right:0;border-top:0;border-bottom:0;text-align:left}.stage-xlsx td.c-13{font-family:\"Calibri\",sans-serif;font-size:11pt;font-style:italic;border-left:0;border-right:0;border-top-style:solid;border-top-width:thin;border-bottom:0;border-top-color:#000;text-align:left}\r\n  <\/style> -->\r\n\r\n\r\n\r\n\r\n\r\n  <div class=\"responsive-table__wrapper\"><table class=\"stage-xlsx worksheet v3-data-table no-margin--top\" style=\"width: 100%;\">\r\n  <tbody>\r\n    <tr>\r\n      <td class=\"n-m_heading b-1 c-4 width-23\">Technical data<\/td>\r\n      <td class=\"n-m_heading b-1 c-4\"><\/td>\r\n      <td class=\"n-m_heading b-1 c-4 width-26\">SG-80VA<\/td>\r\n    <\/tr><tr>\r\n      <td class=\"n-m_cyan_bg b-2 c-5 width-23\">Weight (excl. adapter)*<\/td>\r\n      <td class=\"n-m_cyan_bg b-2 c-7\">kg<\/td>\r\n      <td class=\"n-m_cyan_bg b-2 c-5 width-26\">3200-3600<\/td>\r\n    <\/tr><tr>\r\n      <td class=\"b-0 c-6 width-23\">Height<\/td>\r\n      <td class=\"b-0 c-8\">mm<\/td>\r\n      <td class=\"num b-0 c-1 width-26\">2860<\/td>\r\n    <\/tr><tr>\r\n      <td class=\"n-m_cyan_bg b-2 c-5 width-23\">Depth<\/td>\r\n      <td class=\"n-m_cyan_bg b-2 c-9\">mm<\/td>\r\n      <td class=\"n-m_cyan_bg b-2 c-5 width-26\">1250-1450<\/td>\r\n    <\/tr><tr>\r\n      <td class=\"b-0 c-6 width-23\">Width<\/td>\r\n      <td class=\"b-0 c-8\">mm<\/td>\r\n      <td class=\"num b-0 c-1 width-26\">1230<\/td>\r\n    <\/tr><tr>\r\n      <td class=\"n-m_cyan_bg b-2 c-5 width-23\">Frequency<\/td>\r\n      <td class=\"n-m_cyan_bg b-2 c-9\">RPM<\/td>\r\n      <td class=\"n-m_cyan_bg b-2 c-5 width-26\">2300-3000<\/td>\r\n    <\/tr><tr>\r\n      <td class=\"b-0 c-6 width-23\">Eccentric moment<\/td>\r\n      <td class=\"b-0 c-8\">kgm<\/td>\r\n      <td class=\"num b-0 c-2 width-26\">8.1<\/td>\r\n    <\/tr><tr>\r\n      <td class=\"n-m_cyan_bg b-2 c-5 width-23\">Centrifugal force, max<\/td>\r\n      <td class=\"n-m_cyan_bg b-2 c-9\">kN<\/td>\r\n      <td class=\"num n-m_cyan_bg b-2 c-5 width-26\">800<\/td>\r\n    <\/tr><tr>\r\n      <td class=\"b-0 c-6 width-23\">Ground vibration<\/td>\r\n      <td class=\"b-0 c-8\"><\/td>\r\n      <td class=\"b-0 c-3 width-26\">minimal<\/td>\r\n    <\/tr><tr>\r\n      <td class=\"n-m_cyan_bg b-2 c-5 width-23\">Resonance-free start\/stop<\/td>\r\n      <td class=\"n-m_cyan_bg b-2 c-9\"><\/td>\r\n      <td class=\"n-m_cyan_bg b-2 c-5 width-26\">yes<\/td>\r\n    <\/tr><tr>\r\n      <td class=\"b-0 c-6 width-23\">Driving method<\/td>\r\n      <td class=\"b-0 c-8\"><\/td>\r\n      <td class=\"b-0 c-3 width-26\">vibration<\/td>\r\n    <\/tr><tr>\r\n      <td class=\"n-m_cyan_bg b-2 c-5 width-23\">Swing\/tilt angle<\/td>\r\n      <td class=\"n-m_cyan_bg b-2 c-9\">o<\/td>\r\n      <td class=\"n-m_cyan_bg b-2 c-5 width-26\">360\/\u00b145<\/td>\r\n    <\/tr><tr>\r\n      <td class=\"b-0 c-6 width-23\">Return pressure, max<\/td>\r\n      <td class=\"b-0 c-8\">bar<\/td>\r\n      <td class=\"num b-0 c-1 width-26\">5<\/td>\r\n    <\/tr><tr>\r\n      <td class=\"n-m_cyan_bg b-2 c-5 width-23\">Pressure setting<\/td>\r\n      <td class=\"n-m_cyan_bg b-2 c-9\">bar<\/td>\r\n      <td class=\"num n-m_cyan_bg b-2 c-5 width-26\">350<\/td>\r\n    <\/tr><tr>\r\n      <td class=\"b-0 c-6 width-23\">Excavator class<\/td>\r\n      <td class=\"b-0 c-8\">t<\/td>\r\n      <td class=\"num b-0 c-1 width-26\">33<\/td>\r\n    <\/tr><tr>\r\n      <td class=\"n-m_cyan_bg b-2 c-5 width-23\">Engine power, min, TIER III<\/td>\r\n      <td class=\"n-m_cyan_bg b-2 c-9\">kW<\/td>\r\n      <td class=\"num n-m_cyan_bg b-2 c-5 width-26\">180<\/td>\r\n    <\/tr><tr>\r\n      <td class=\"b-0 c-6 width-23\">Engine power, min, TIER IV<\/td>\r\n      <td class=\"b-0 c-8\">kW<\/td>\r\n      <td class=\"num b-0 c-1 width-26\">200<\/td>\r\n    <\/tr><tr>\r\n      <td colspan=\"3\" class=\"n-m_footer b-3 c-13 width-49\">* weight depending on type of arms &amp; clamps<\/td>\r\n    <\/tr><tr>\r\n      <td colspan=\"3\" class=\"n-m_heading b-1 c-12 width-49\">Suitable piles<\/td>\r\n    <\/tr><tr>\r\n      <td class=\"n-m_cyan_bg b-2 c-10 width-23\">Length &amp; weight<\/td>\r\n      <td class=\"n-m_cyan_bg b-2 c-10\"><\/td>\r\n      <td class=\"n-m_cyan_bg b-2 c-10 width-26\">6 m x 2800 kg<\/td>\r\n    <\/tr><tr>\r\n      <td class=\"n-m_cyan_bg b-2 c-5 width-23\"><\/td>\r\n      <td class=\"n-m_cyan_bg b-2 c-5\"><\/td>\r\n      <td class=\"n-m_cyan_bg b-2 c-5 width-26\">12 m x 1900 kg<\/td>\r\n    <\/tr><tr>\r\n      <td class=\"n-m_cyan_bg b-2 c-5 width-23\"><\/td>\r\n      <td class=\"n-m_cyan_bg b-2 c-5\"><\/td>\r\n      <td class=\"n-m_cyan_bg b-2 c-5 width-26\">16 m x 1300 kg<\/td>\r\n    <\/tr><tr>\r\n      <td colspan=\"3\" class=\"n-m_heading b-1 c-12 width-49\">Types, dimensions<\/td>\r\n    <\/tr><tr>\r\n      <td class=\"n-m_cyan_bg b-2 c-10 width-23\">Sheet piles<\/td>\r\n      <td class=\"n-m_cyan_bg b-2 c-11\">width<\/td>\r\n      <td class=\"n-m_cyan_bg b-2 c-10 width-26\">400-1200 mm<\/td>\r\n    <\/tr><tr>\r\n      <td class=\"n-m_cyan_bg b-2 c-5 width-23\"><\/td>\r\n      <td class=\"n-m_cyan_bg b-2 c-9\">depth<\/td>\r\n      <td class=\"n-m_cyan_bg b-2 c-5 width-26\">265 mm<\/td>\r\n    <\/tr><tr>\r\n      <td class=\"b-0 c-6 width-23\">H-beams<\/td>\r\n      <td class=\"b-0 c-8\">size<\/td>\r\n      <td class=\"b-0 c-3 width-26\">H100-H500<\/td>\r\n    <\/tr><tr>\r\n      <td class=\"n-m_cyan_bg b-2 c-5 width-23\">Timber piles<\/td>\r\n      <td class=\"n-m_cyan_bg b-2 c-9\">size<\/td>\r\n      <td class=\"n-m_cyan_bg b-2 c-5 width-26\">\u00d8 160 - 420 mm<\/td>\r\n    <\/tr><tr>\r\n      <td class=\"b-0 c-6 width-23\">Timber piles<\/td>\r\n      <td class=\"b-0 c-8\">size<\/td>\r\n      <td class=\"b-0 c-3 width-26\">\u00d8 430 - 600 mm<\/td>\r\n    <\/tr><tr>\r\n      <td class=\"n-m_cyan_bg b-2 c-5 width-23\">Tubular piles, tubes<\/td>\r\n      <td class=\"n-m_cyan_bg b-2 c-9\">size<\/td>\r\n      <td class=\"n-m_cyan_bg b-2 c-5 width-26\">\u00d8 88,9 mm -762 mm (1220 mm)<\/td>\r\n    <\/tr>\r\n  <\/tbody>\r\n<\/table><\/div>\r\n\r\n              \r\n                <div class=\"display-flex\">\r\n<!--                     <div class=\"col-xxs-3 col-sm-2 col-md-2\"> -->\r\n                      <img decoding=\"async\" src=\"https:\/\/movax.studio.crasman.cloud\/pub\/Images\/Cached\/icons\/icon_6.svg?c=system_640x\" alt=\"\" style=\"margin-right: 34.75px; margin-top: 34.75px;\">\r\n<!--                     <\/div> -->\r\n<!--                     <div class=\"col-xxs-3 col-sm-2 col-md-2\"> -->\r\n                      <img decoding=\"async\" src=\"https:\/\/movax.studio.crasman.cloud\/pub\/Images\/Cached\/icons\/icon_pile_nz_pile.svg?c=system_640x\" alt=\"\" style=\"margin-right: 34.75px; margin-top: 34.75px;\">\r\n<!--                     <\/div> -->\r\n<!--                     <div class=\"col-xxs-3 col-sm-2 col-md-2\"> -->\r\n                      <img decoding=\"async\" src=\"https:\/\/movax.studio.crasman.cloud\/pub\/Images\/Cached\/icons\/icon_5.svg?c=system_640x\" alt=\"\" style=\"margin-right: 34.75px; margin-top: 34.75px;\">\r\n<!--                     <\/div> -->\r\n<!--                     <div class=\"col-xxs-3 col-sm-2 col-md-2\"> -->\r\n                      <img decoding=\"async\" src=\"https:\/\/movax.studio.crasman.cloud\/pub\/Images\/Cached\/icons\/icon_pile_square_selection.svg?c=system_640x\" alt=\"\" style=\"margin-right: 34.75px; margin-top: 34.75px;\">\r\n<!--                     <\/div> -->\r\n                <\/div>\r\n            <\/div>\r\n          <\/div>\r\n            <!--\r\n          <br>\r\n          <br>\r\n            -->\r\n      <\/div>\t\t<\/div>\n\t\t\t\t<\/div>\n\t\t\t\t<\/div>\n\t\t\t\t<\/div>","protected":false},"excerpt":{"rendered":"<p>SG (VA) Variable Active MOVAX Side Grip Pile Drivers: Precision and Versatility for Challenging Piling Environments MOVAX Side Grip pile drivers are high-frequency, vibratory-type units mounted on excavators, designed to meet a wide range of piling needs. They offer an ideal solution for projects where precision is critical, or where the worksite is constrained by limited space, headroom, or sensitive environmental conditions. Key Features and Benefits &#8211; Excavator-Mounted Design: Provides flexibility and mobility, allowing for precise placement and driving of piles in challenging environments.&#8211; Integrated Handling and Driving: The same unit can handle, position, drive, and even extract various types of piles, completing the entire piling process without manual handling or additional machinery.&#8211; Optimized for Sensitive Environments: Ideal for locations requiring minimal vibration impact or where precision is essential.&#8211; Efficient and Safe Operation: Reduces the need for additional equipment and manual intervention, streamlining operations and improving safety. MOVAX Side Grip pile drivers are the go-to solution for projects that demand accuracy, efficiency, and adaptability in piling, particularly in tight or sensitive areas. Technical data SG-80VA Weight (excl. adapter)* kg 3200-3600 Height mm 2860 Depth mm 1250-1450 Width mm 1230 Frequency RPM 2300-3000 Eccentric moment kgm 8.1 Centrifugal force, max kN 800 Ground vibration minimal Resonance-free start\/stop yes Driving method vibration Swing\/tilt angle o 360\/\u00b145 Return pressure, max bar 5 Pressure setting bar 350 Excavator class t 33 Engine power, min, TIER III kW 180 Engine power, min, TIER IV kW 200 * weight depending on type of arms &amp; clamps Suitable piles Length &amp; weight 6 m x 2800 kg 12 m x 1900 kg 16 m x 1300 kg Types, dimensions Sheet piles width 400-1200 mm depth 265 mm H-beams size H100-H500 Timber piles size \u00d8 160 &#8211; 420 mm Timber piles size \u00d8 430 &#8211; 600 mm Tubular piles, tubes size \u00d8 88,9 mm -762 mm (1220 mm)<\/p>","protected":false},"author":2,"featured_media":0,"parent":0,"menu_order":0,"comment_status":"closed","ping_status":"closed","template":"","meta":{"footnotes":""},"class_list":["post-305","page","type-page","status-publish","hentry"],"_links":{"self":[{"href":"https:\/\/mopycsa.com\/en\/wp-json\/wp\/v2\/pages\/305","targetHints":{"allow":["GET"]}}],"collection":[{"href":"https:\/\/mopycsa.com\/en\/wp-json\/wp\/v2\/pages"}],"about":[{"href":"https:\/\/mopycsa.com\/en\/wp-json\/wp\/v2\/types\/page"}],"author":[{"embeddable":true,"href":"https:\/\/mopycsa.com\/en\/wp-json\/wp\/v2\/users\/2"}],"replies":[{"embeddable":true,"href":"https:\/\/mopycsa.com\/en\/wp-json\/wp\/v2\/comments?post=305"}],"version-history":[{"count":7,"href":"https:\/\/mopycsa.com\/en\/wp-json\/wp\/v2\/pages\/305\/revisions"}],"predecessor-version":[{"id":563,"href":"https:\/\/mopycsa.com\/en\/wp-json\/wp\/v2\/pages\/305\/revisions\/563"}],"wp:attachment":[{"href":"https:\/\/mopycsa.com\/en\/wp-json\/wp\/v2\/media?parent=305"}],"curies":[{"name":"wp","href":"https:\/\/api.w.org\/{rel}","templated":true}]}}