{"id":295,"date":"2024-11-07T15:29:41","date_gmt":"2024-11-07T15:29:41","guid":{"rendered":"https:\/\/new.mopycsa.com\/?page_id=295"},"modified":"2024-11-22T09:23:02","modified_gmt":"2024-11-22T09:23:02","slug":"vibracion-movax-sg-v","status":"publish","type":"page","link":"https:\/\/mopycsa.com\/en\/vibracion-movax-sg-v\/","title":{"rendered":"vibracion-movax-sg-v"},"content":{"rendered":"<div data-elementor-type=\"wp-page\" data-elementor-id=\"295\" class=\"elementor elementor-295\">\n\t\t\t\t<div class=\"elementor-element elementor-element-7d4332b e-con-full e-flex wpr-particle-no wpr-jarallax-no wpr-parallax-no wpr-sticky-section-no e-con e-parent\" data-id=\"7d4332b\" data-element_type=\"container\">\n\t\t\t\t<div class=\"elementor-element elementor-element-f6dc81e elementor-widget elementor-widget-heading\" data-id=\"f6dc81e\" data-element_type=\"widget\" data-widget_type=\"heading.default\">\n\t\t\t\t<div class=\"elementor-widget-container\">\n\t\t\t<h2 class=\"elementor-heading-title elementor-size-default\">SG (V) Resonance-free<\/h2>\t\t<\/div>\n\t\t\t\t<\/div>\n\t\t\t\t<div class=\"elementor-element elementor-element-4c2a049 elementor-widget elementor-widget-image\" data-id=\"4c2a049\" data-element_type=\"widget\" data-widget_type=\"image.default\">\n\t\t\t\t<div class=\"elementor-widget-container\">\n\t\t\t\t\t\t\t\t\t\t\t\t\t<img fetchpriority=\"high\" decoding=\"async\" width=\"750\" height=\"1125\" src=\"https:\/\/mopycsa.com\/wp-content\/uploads\/2024\/11\/SG-80-1.jpg\" class=\"attachment-full size-full wp-image-291\" alt=\"\" srcset=\"https:\/\/mopycsa.com\/wp-content\/uploads\/2024\/11\/SG-80-1.jpg 750w, https:\/\/mopycsa.com\/wp-content\/uploads\/2024\/11\/SG-80-1-200x300.jpg 200w, https:\/\/mopycsa.com\/wp-content\/uploads\/2024\/11\/SG-80-1-683x1024.jpg 683w\" sizes=\"(max-width: 750px) 100vw, 750px\" \/>\t\t\t\t\t\t\t\t\t\t\t\t\t<\/div>\n\t\t\t\t<\/div>\n\t\t\t\t<div class=\"elementor-element elementor-element-51006aa elementor-widget elementor-widget-text-editor\" data-id=\"51006aa\" data-element_type=\"widget\" data-widget_type=\"text-editor.default\">\n\t\t\t\t<div class=\"elementor-widget-container\">\n\t\t\t\t\t\t\t<p><strong>MOVAX Side Grip Pile Drivers: Precision and Versatility for Challenging Piling Environments<\/strong><\/p><p>MOVAX Side Grip pile drivers are high-frequency, vibratory-type units mounted on excavators, designed to meet a wide range of piling needs. They offer an ideal solution for projects where precision is critical, or where the worksite is constrained by limited space, headroom, or sensitive environmental conditions.<\/p><p><strong>Key Features and Benefits<\/strong><\/p><p>&#8211; <strong>Excavator-Mounted Design<\/strong>: Provides flexibility and mobility, allowing for precise placement and driving of piles in challenging environments.<br \/>&#8211; <strong>Integrated Handling and Driving<\/strong>: The same unit can handle, position, drive, and even extract various types of piles, completing the entire piling process without manual handling or additional machinery.<br \/>&#8211; <strong>Optimized for Sensitive Environments<\/strong>: Ideal for locations requiring minimal vibration impact or where precision is essential.<br \/>&#8211; <strong>Efficient and Safe Operation<\/strong>: Reduces the need for additional equipment and manual intervention, streamlining operations and improving safety.<\/p><p>MOVAX Side Grip pile drivers are the go-to solution for projects that demand accuracy, efficiency, and adaptability in piling, particularly in tight or sensitive areas.<\/p>\t\t\t\t\t\t<\/div>\n\t\t\t\t<\/div>\n\t\t\t\t<div class=\"elementor-element elementor-element-f9d967c elementor-widget elementor-widget-html\" data-id=\"f9d967c\" data-element_type=\"widget\" data-widget_type=\"html.default\">\n\t\t\t\t<div class=\"elementor-widget-container\">\n\t\t\t<div class=\"col-xxs-12 col-md-6col-md-8 col-lg-9\">\r\n          <h4><\/h4>\r\n          <div class=\"display-flex\">\r\n                <div class=\"col-xxs-12\">\r\n              \r\n  <!--<style type=\"text\/css\">\r\n    table.stage-xlsx{border-collapse:collapse;border-spacing:0}table.stage-xlsx.force-height\r\ntd{height:1em}.stage-xlsx\r\n.num{text-align:right;white-space:nowrap}.stage-xlsx .b-0{font-family:\"Calibri\",sans-serif;font-size:11pt;color:#000}.stage-xlsx-wrap .b-0{white-space:nowrap}.stage-xlsx .b-1{font-family:\"Calibri\",sans-serif;font-size:18pt;color:#000;font-weight:bold;border-bottom-style:solid;border-bottom-width:thin}.stage-xlsx-wrap .b-1{white-space:nowrap}.stage-xlsx .b-2{font-family:\"Calibri\",sans-serif;font-size:11pt;color:#000}.stage-xlsx-wrap .b-2{white-space:nowrap}.stage-xlsx .b-3{font-family:\"Calibri\",sans-serif;font-size:11pt;font-style:italic}.stage-xlsx-wrap .b-3{white-space:nowrap}.stage-xlsx td.c-1{font-family:\"Calibri\",sans-serif;font-size:18pt;font-weight:bold}.stage-xlsx td.c-2{font-family:\"Calibri\",sans-serif;font-size:11pt;border-left:0;border-right:0;border-top:0;border-bottom:0}.stage-xlsx td.c-3{font-family:\"Calibri\",sans-serif;font-size:11pt;border-left-style:solid;border-left-width:thin;border-right-style:solid;border-right-width:thin;border-top:0;border-bottom:0}.stage-xlsx td.c-4{font-family:\"Calibri\",sans-serif;font-size:11pt}.stage-xlsx td.c-5{font-family:\"Calibri\",sans-serif;font-size:11pt;border-left-style:solid;border-left-width:thin;border-right-style:solid;border-right-width:thin;border-top:0;border-bottom:0}.stage-xlsx td.c-6{font-family:\"Calibri\",sans-serif;font-size:11pt;text-align:left}.stage-xlsx td.c-7{font-family:\"Calibri\",sans-serif;font-size:11pt;border-left:0;border-right:0;border-top:0;border-bottom:0}.stage-xlsx td.c-8{font-family:\"Calibri\",sans-serif;font-size:11pt;border-left-style:solid;border-left-width:thin;border-right-style:solid;border-right-width:thin;border-top:0;border-bottom:0}.stage-xlsx td.c-9{font-family:\"Calibri\",sans-serif;font-size:11pt;border-left:0;border-right:0;border-top:0;border-bottom:0;text-align:left}.stage-xlsx td.c-10{font-family:\"Calibri\",sans-serif;font-size:11pt;text-align:left}.stage-xlsx td.c-11{font-family:\"Calibri\",sans-serif;font-size:11pt;text-align:left}.stage-xlsx td.c-12{font-family:\"Calibri\",sans-serif;font-size:11pt;border-left:0;border-right:0;border-top:0;border-bottom:0;text-align:left}.stage-xlsx td.c-13{font-family:\"Calibri\",sans-serif;font-size:11pt;border-left:0;border-right:0;border-top:0;border-bottom-style:solid;border-bottom-width:thin}.stage-xlsx td.c-14{font-family:\"Calibri\",sans-serif;font-size:11pt;border-left-style:solid;border-left-width:thin;border-right-style:solid;border-right-width:thin;border-top:0;border-bottom-style:solid;border-bottom-width:thin}.stage-xlsx td.c-15{font-family:\"Calibri\",sans-serif;font-size:11pt;border-left:0;border-right:0;border-top:0;border-bottom-style:solid;border-bottom-width:thin;text-align:left}.stage-xlsx td.c-16{font-family:\"Calibri\",sans-serif;font-size:11pt;border-left-style:solid;border-left-width:thin;border-right:0;border-top:0;border-bottom:0;text-align:center}.stage-xlsx td.c-17{font-family:\"Calibri\",sans-serif;font-size:11pt;border-left-style:solid;border-left-width:thin;border-right:0;border-top:0;border-bottom:0;text-align:center}.stage-xlsx td.c-18{font-family:\"Calibri\",sans-serif;font-size:18pt;font-weight:bold;border-left:0;border-right:0;border-top:0;border-bottom-style:solid;border-bottom-width:thin}.stage-xlsx td.c-19{font-family:\"Calibri\",sans-serif;font-size:11pt;border-left-style:solid;border-left-width:thin;border-right:0;border-top-style:solid;border-top-width:thin;border-bottom:0;text-align:center}.stage-xlsx td.c-20{font-family:\"Calibri\",sans-serif;font-size:11pt;border-left:0;border-right:0;border-top-style:solid;border-top-width:thin;border-bottom:0;text-align:center}.stage-xlsx td.c-21{font-family:\"Calibri\",sans-serif;font-size:11pt;border-left:0;border-right:0;border-top:0;border-bottom:0;text-align:center}.stage-xlsx td.c-22{font-family:\"Calibri\",sans-serif;font-size:11pt;border-left:0;border-right:0;border-top:0;border-bottom:0;text-align:center}.stage-xlsx td.c-23{font-family:\"Calibri\",sans-serif;font-size:11pt;font-style:italic;border-left:0;border-right:0;border-top-style:solid;border-top-width:thin;border-bottom:0;text-align:center}\r\n  <\/style> -->\r\n\r\n\r\n\r\n\r\n\r\n  <div class=\"responsive-table__wrapper\"><table class=\"stage-xlsx worksheet v3-data-table no-margin--top\" style=\"width: 100%;\">\r\n  <tbody>\r\n    <tr>\r\n      <td class=\"n-m_heading b-1 c-1 width-19\">Technical data<\/td>\r\n      <td class=\"n-m_heading b-1 c-1\"><\/td>\r\n      <td class=\"n-m_heading b-1 c-1 width-12\">SG-60V<\/td>\r\n      <td class=\"n-m_heading b-1 c-1 width-9\">SG-50V<\/td>\r\n      <td class=\"n-m_heading b-1 c-1 width-9\">SG-45V<\/td>\r\n    <\/tr><tr>\r\n      <td class=\"n-m_cyan_bg b-2 c-2 width-19\">Weight (excl. adapter)*<\/td>\r\n      <td class=\"n-m_cyan_bg b-2 c-3\">kg<\/td>\r\n      <td class=\"n-m_cyan_bg b-2 c-2 width-12\">2650-2950<\/td>\r\n      <td class=\"n-m_cyan_bg b-2 c-2 width-9\">2500-2800<\/td>\r\n      <td class=\"n-m_cyan_bg b-2 c-2 width-9\">2490-2790<\/td>\r\n    <\/tr><tr>\r\n      <td class=\"b-0 c-4 width-19\">Height<\/td>\r\n      <td class=\"b-0 c-5\">mm<\/td>\r\n      <td class=\"num b-0 c-6 width-12\">2550<\/td>\r\n      <td class=\"num b-0 c-6 width-9\">2530<\/td>\r\n      <td class=\"num b-0 c-6 width-9\">2530<\/td>\r\n    <\/tr><tr>\r\n      <td class=\"n-m_cyan_bg b-2 c-7 width-19\">Depth<\/td>\r\n      <td class=\"n-m_cyan_bg b-2 c-8\">mm<\/td>\r\n      <td class=\"num n-m_cyan_bg b-2 c-9 width-12\">1180<\/td>\r\n      <td class=\"num n-m_cyan_bg b-2 c-9 width-9\">1180<\/td>\r\n      <td class=\"num n-m_cyan_bg b-2 c-9 width-9\">1180<\/td>\r\n    <\/tr><tr>\r\n      <td class=\"b-0 c-4 width-19\">Width<\/td>\r\n      <td class=\"b-0 c-5\">mm<\/td>\r\n      <td class=\"num b-0 c-6 width-12\">1193<\/td>\r\n      <td class=\"num b-0 c-6 width-9\">1193<\/td>\r\n      <td class=\"num b-0 c-6 width-9\">1193<\/td>\r\n    <\/tr><tr>\r\n      <td class=\"n-m_cyan_bg b-2 c-7 width-19\">Frequency<\/td>\r\n      <td class=\"n-m_cyan_bg b-2 c-8\">1\/min<\/td>\r\n      <td class=\"num n-m_cyan_bg b-2 c-9 width-12\">2300<\/td>\r\n      <td class=\"num n-m_cyan_bg b-2 c-9 width-9\">2300<\/td>\r\n      <td class=\"num n-m_cyan_bg b-2 c-9 width-9\">2300<\/td>\r\n    <\/tr><tr>\r\n      <td class=\"b-0 c-4 width-19\">Eccentric moment<\/td>\r\n      <td class=\"b-0 c-5\">kgm<\/td>\r\n      <td class=\"num b-0 c-10 width-12\">6.1<\/td>\r\n      <td class=\"num b-0 c-10 width-9\">5.1<\/td>\r\n      <td class=\"num b-0 c-10 width-9\">4.6<\/td>\r\n    <\/tr><tr>\r\n      <td class=\"n-m_cyan_bg b-2 c-7 width-19\">Centrifugal force, max<\/td>\r\n      <td class=\"n-m_cyan_bg b-2 c-8\">kN<\/td>\r\n      <td class=\"num n-m_cyan_bg b-2 c-9 width-12\">600<\/td>\r\n      <td class=\"num n-m_cyan_bg b-2 c-9 width-9\">500<\/td>\r\n      <td class=\"num n-m_cyan_bg b-2 c-9 width-9\">450<\/td>\r\n    <\/tr><tr>\r\n      <td class=\"b-0 c-4 width-19\">Ground vibration<\/td>\r\n      <td class=\"b-0 c-5\"><\/td>\r\n      <td class=\"b-0 c-11 width-12\">low<\/td>\r\n      <td class=\"b-0 c-11 width-9\">low<\/td>\r\n      <td class=\"b-0 c-11 width-9\">low<\/td>\r\n    <\/tr><tr>\r\n      <td class=\"n-m_cyan_bg b-2 c-7 width-19\">Resonance-free start\/stop<\/td>\r\n      <td class=\"n-m_cyan_bg b-2 c-8\"><\/td>\r\n      <td class=\"n-m_cyan_bg b-2 c-12 width-12\">yes<\/td>\r\n      <td class=\"n-m_cyan_bg b-2 c-12 width-9\">yes<\/td>\r\n      <td class=\"n-m_cyan_bg b-2 c-12 width-9\">yes<\/td>\r\n    <\/tr><tr>\r\n      <td class=\"b-0 c-4 width-19\">Driving method<\/td>\r\n      <td class=\"b-0 c-5\"><\/td>\r\n      <td class=\"b-0 c-11 width-12\">vibration<\/td>\r\n      <td class=\"b-0 c-11 width-9\">vibration<\/td>\r\n      <td class=\"b-0 c-11 width-9\">vibration<\/td>\r\n    <\/tr><tr>\r\n      <td class=\"n-m_cyan_bg b-2 c-7 width-19\">Swing\/tilt angle<\/td>\r\n      <td class=\"n-m_cyan_bg b-2 c-8\">o<\/td>\r\n      <td class=\"n-m_cyan_bg b-2 c-12 width-12\">360 \/ 30<\/td>\r\n      <td class=\"n-m_cyan_bg b-2 c-12 width-9\">360 \/ 30<\/td>\r\n      <td class=\"n-m_cyan_bg b-2 c-12 width-9\">360 \/ 30<\/td>\r\n    <\/tr><tr>\r\n      <td class=\"b-0 c-4 width-19\">Return pressure, max<\/td>\r\n      <td class=\"b-0 c-5\">bar<\/td>\r\n      <td class=\"num b-0 c-6 width-12\">5<\/td>\r\n      <td class=\"num b-0 c-6 width-9\">5<\/td>\r\n      <td class=\"num b-0 c-6 width-9\">5<\/td>\r\n    <\/tr><tr>\r\n      <td class=\"n-m_cyan_bg b-2 c-7 width-19\">Pressure setting<\/td>\r\n      <td class=\"n-m_cyan_bg b-2 c-8\">bar<\/td>\r\n      <td class=\"num n-m_cyan_bg b-2 c-9 width-12\">350<\/td>\r\n      <td class=\"num n-m_cyan_bg b-2 c-9 width-9\">350<\/td>\r\n      <td class=\"num n-m_cyan_bg b-2 c-9 width-9\">350<\/td>\r\n    <\/tr><tr>\r\n      <td class=\"b-0 c-4 width-19\">Excavator class<\/td>\r\n      <td class=\"b-0 c-5\">t<\/td>\r\n      <td class=\"num b-0 c-6 width-12\">28<\/td>\r\n      <td class=\"num b-0 c-6 width-9\">23<\/td>\r\n      <td class=\"num b-0 c-6 width-9\">20<\/td>\r\n    <\/tr><tr>\r\n      <td class=\"n-m_cyan_bg b-2 c-7 width-19\">Engine power, min, TIER III<\/td>\r\n      <td class=\"n-m_cyan_bg b-2 c-8\">kW<\/td>\r\n      <td class=\"num n-m_cyan_bg b-2 c-9 width-12\">135<\/td>\r\n      <td class=\"num n-m_cyan_bg b-2 c-9 width-9\">125<\/td>\r\n      <td class=\"num n-m_cyan_bg b-2 c-9 width-9\">100<\/td>\r\n    <\/tr><tr>\r\n      <td class=\"b-0 c-13 width-19\">Engine power, min, TIER IV<\/td>\r\n      <td class=\"b-0 c-14\">kW<\/td>\r\n      <td class=\"num b-0 c-15 width-12\">160<\/td>\r\n      <td class=\"num b-0 c-15 width-9\">135<\/td>\r\n      <td class=\"num b-0 c-15 width-9\">120<\/td>\r\n    <\/tr><tr>\r\n      <td colspan=\"5\" class=\"n-m_footer b-3 c-23 width-49\">* weight depending on type of arms &amp; clamps<\/td>\r\n    <\/tr><tr>\r\n      <td colspan=\"5\" class=\"n-m_heading b-1 c-18 width-49\">Suitable piles<\/td>\r\n    <\/tr><tr>\r\n      <td class=\"n-m_cyan_bg b-2 c-7 width-19\">Length &amp; weight<\/td>\r\n      <td class=\"n-m_cyan_bg b-2 c-2\"><\/td>\r\n      <td class=\"n-m_cyan_bg b-2 c-7 width-12\">8 m x 2 300 kg<\/td>\r\n      <td class=\"n-m_cyan_bg b-2 c-7 width-9\">8 m x 2 300 kg<\/td>\r\n      <td class=\"n-m_cyan_bg b-2 c-7 width-9\">8 m x 2 300 kg<\/td>\r\n    <\/tr><tr>\r\n      <td class=\"n-m_cyan_bg b-2 c-2 width-19\"><\/td>\r\n      <td class=\"n-m_cyan_bg b-2 c-2\"><\/td>\r\n      <td class=\"n-m_cyan_bg b-2 c-7 width-12\">12 m x 1 800 kg<\/td>\r\n      <td class=\"n-m_cyan_bg b-2 c-7 width-9\">12 m x 1 800 kg<\/td>\r\n      <td class=\"n-m_cyan_bg b-2 c-7 width-9\">12 m x 1 800kg<\/td>\r\n    <\/tr><tr>\r\n      <td class=\"n-m_cyan_bg b-2 c-2 width-19\"><\/td>\r\n      <td class=\"n-m_cyan_bg b-2 c-2\"><\/td>\r\n      <td class=\"n-m_cyan_bg b-2 c-7 width-12\">16 m x 1 200 kg<\/td>\r\n      <td class=\"n-m_cyan_bg b-2 c-7 width-9\">16 m x 1 200 kg<\/td>\r\n      <td class=\"n-m_cyan_bg b-2 c-7 width-9\">16 m x 1 200 kg<\/td>\r\n    <\/tr><tr>\r\n      <td colspan=\"5\" class=\"n-m_heading b-1 c-18 width-49\">Types, dimensions<\/td>\r\n    <\/tr><tr>\r\n      <td class=\"n-m_cyan_bg b-2 c-7 width-19\">Sheet piles<\/td>\r\n      <td class=\"n-m_cyan_bg b-2 c-8\">width<\/td>\r\n      <td colspan=\"3\" class=\"n-m_cyan_bg b-2 c-19 width-30\">400-1200 mm<\/td>\r\n    <\/tr><tr>\r\n      <td class=\"n-m_cyan_bg b-2 c-7 width-19\"><\/td>\r\n      <td class=\"n-m_cyan_bg b-2 c-8\">depth<\/td>\r\n      <td colspan=\"3\" class=\"n-m_cyan_bg b-2 c-17 width-30\">265 mm<\/td>\r\n    <\/tr><tr>\r\n      <td class=\"b-0 c-4 width-19\">H-beams<\/td>\r\n      <td class=\"b-0 c-5\">size<\/td>\r\n      <td colspan=\"3\" class=\"b-0 c-16 width-30\">H100-H500<\/td>\r\n    <\/tr><tr>\r\n      <td class=\"n-m_cyan_bg b-2 c-7 width-19\">Timber piles<\/td>\r\n      <td class=\"n-m_cyan_bg b-2 c-8\">size<\/td>\r\n      <td colspan=\"3\" class=\"n-m_cyan_bg b-2 c-17 width-30\">\u00d8 160 - 420 mm<\/td>\r\n    <\/tr><tr>\r\n      <td class=\"b-0 c-4 width-19\">Timber piles<\/td>\r\n      <td class=\"b-0 c-5\">size<\/td>\r\n      <td colspan=\"3\" class=\"b-0 c-16 width-30\">\u00d8 430 - 600 mm<\/td>\r\n    <\/tr><tr>\r\n      <td class=\"n-m_cyan_bg b-2 c-7 width-19\">Tubular piles, tubes<\/td>\r\n      <td class=\"n-m_cyan_bg b-2 c-8\">size<\/td>\r\n      <td colspan=\"3\" class=\"n-m_cyan_bg b-2 c-17 width-30\">\u00d8 88,9 mm -762 mm (1220 mm)<\/td>\r\n    <\/tr>\r\n  <\/tbody>\r\n<\/table><\/div>\r\n\r\n              \r\n                <div class=\"display-flex\">\r\n<!--                     <div class=\"col-xxs-3 col-sm-2 col-md-2\"> -->\r\n                      <img decoding=\"async\" src=\"https:\/\/movax.studio.crasman.cloud\/pub\/Images\/Cached\/icons\/icon_6.svg?c=system_640x\" alt=\"\" style=\"margin-right: 34.75px; margin-top: 34.75px;\">\r\n<!--                     <\/div> -->\r\n<!--                     <div class=\"col-xxs-3 col-sm-2 col-md-2\"> -->\r\n                      <img decoding=\"async\" src=\"https:\/\/movax.studio.crasman.cloud\/pub\/Images\/Cached\/icons\/icon_pile_nz_pile.svg?c=system_640x\" alt=\"\" style=\"margin-right: 34.75px; margin-top: 34.75px;\">\r\n<!--                     <\/div> -->\r\n<!--                     <div class=\"col-xxs-3 col-sm-2 col-md-2\"> -->\r\n                      <img decoding=\"async\" src=\"https:\/\/movax.studio.crasman.cloud\/pub\/Images\/Cached\/icons\/icon_5.svg?c=system_640x\" alt=\"\" style=\"margin-right: 34.75px; margin-top: 34.75px;\">\r\n<!--                     <\/div> -->\r\n<!--                     <div class=\"col-xxs-3 col-sm-2 col-md-2\"> -->\r\n                      <img decoding=\"async\" src=\"https:\/\/movax.studio.crasman.cloud\/pub\/Images\/Cached\/icons\/icon_pile_square_selection.svg?c=system_640x\" alt=\"\" style=\"margin-right: 34.75px; margin-top: 34.75px;\">\r\n<!--                     <\/div> -->\r\n                <\/div>\r\n            <\/div>\r\n          <\/div>\r\n            <!--\r\n          <br>\r\n          <br>\r\n            -->\r\n      <\/div>\t\t<\/div>\n\t\t\t\t<\/div>\n\t\t\t\t<\/div>\n\t\t\t\t<\/div>","protected":false},"excerpt":{"rendered":"<p>SG (V) Resonance-free MOVAX Side Grip Pile Drivers: Precision and Versatility for Challenging Piling Environments MOVAX Side Grip pile drivers are high-frequency, vibratory-type units mounted on excavators, designed to meet a wide range of piling needs. They offer an ideal solution for projects where precision is critical, or where the worksite is constrained by limited space, headroom, or sensitive environmental conditions. Key Features and Benefits &#8211; Excavator-Mounted Design: Provides flexibility and mobility, allowing for precise placement and driving of piles in challenging environments.&#8211; Integrated Handling and Driving: The same unit can handle, position, drive, and even extract various types of piles, completing the entire piling process without manual handling or additional machinery.&#8211; Optimized for Sensitive Environments: Ideal for locations requiring minimal vibration impact or where precision is essential.&#8211; Efficient and Safe Operation: Reduces the need for additional equipment and manual intervention, streamlining operations and improving safety. MOVAX Side Grip pile drivers are the go-to solution for projects that demand accuracy, efficiency, and adaptability in piling, particularly in tight or sensitive areas. Technical data SG-60V SG-50V SG-45V Weight (excl. adapter)* kg 2650-2950 2500-2800 2490-2790 Height mm 2550 2530 2530 Depth mm 1180 1180 1180 Width mm 1193 1193 1193 Frequency 1\/min 2300 2300 2300 Eccentric moment kgm 6.1 5.1 4.6 Centrifugal force, max kN 600 500 450 Ground vibration low low low Resonance-free start\/stop yes yes yes Driving method vibration vibration vibration Swing\/tilt angle o 360 \/ 30 360 \/ 30 360 \/ 30 Return pressure, max bar 5 5 5 Pressure setting bar 350 350 350 Excavator class t 28 23 20 Engine power, min, TIER III kW 135 125 100 Engine power, min, TIER IV kW 160 135 120 * weight depending on type of arms &amp; clamps Suitable piles Length &amp; weight 8 m x 2 300 kg 8 m x 2 300 kg 8 m x 2 300 kg 12 m x 1 800 kg 12 m x 1 800 kg 12 m x 1 800kg 16 m x 1 200 kg 16 m x 1 200 kg 16 m x 1 200 kg Types, dimensions Sheet piles width 400-1200 mm depth 265 mm H-beams size H100-H500 Timber piles size \u00d8 160 &#8211; 420 mm Timber piles size \u00d8 430 &#8211; 600 mm Tubular piles, tubes size \u00d8 88,9 mm -762 mm (1220 mm)<\/p>","protected":false},"author":2,"featured_media":0,"parent":0,"menu_order":0,"comment_status":"closed","ping_status":"closed","template":"","meta":{"footnotes":""},"class_list":["post-295","page","type-page","status-publish","hentry"],"_links":{"self":[{"href":"https:\/\/mopycsa.com\/en\/wp-json\/wp\/v2\/pages\/295","targetHints":{"allow":["GET"]}}],"collection":[{"href":"https:\/\/mopycsa.com\/en\/wp-json\/wp\/v2\/pages"}],"about":[{"href":"https:\/\/mopycsa.com\/en\/wp-json\/wp\/v2\/types\/page"}],"author":[{"embeddable":true,"href":"https:\/\/mopycsa.com\/en\/wp-json\/wp\/v2\/users\/2"}],"replies":[{"embeddable":true,"href":"https:\/\/mopycsa.com\/en\/wp-json\/wp\/v2\/comments?post=295"}],"version-history":[{"count":7,"href":"https:\/\/mopycsa.com\/en\/wp-json\/wp\/v2\/pages\/295\/revisions"}],"predecessor-version":[{"id":560,"href":"https:\/\/mopycsa.com\/en\/wp-json\/wp\/v2\/pages\/295\/revisions\/560"}],"wp:attachment":[{"href":"https:\/\/mopycsa.com\/en\/wp-json\/wp\/v2\/media?parent=295"}],"curies":[{"name":"wp","href":"https:\/\/api.w.org\/{rel}","templated":true}]}}