{"id":190,"date":"2024-11-07T10:04:53","date_gmt":"2024-11-07T10:04:53","guid":{"rendered":"https:\/\/new.mopycsa.com\/?page_id=190"},"modified":"2024-11-07T10:23:47","modified_gmt":"2024-11-07T10:23:47","slug":"pilotadoras-kelly-sr75","status":"publish","type":"page","link":"https:\/\/mopycsa.com\/en\/pilotadoras-kelly-sr75\/","title":{"rendered":"pilotadoras-kelly-sr75"},"content":{"rendered":"<div data-elementor-type=\"wp-page\" data-elementor-id=\"190\" class=\"elementor elementor-190\">\n\t\t\t\t<div class=\"elementor-element elementor-element-26c65ac e-con-full e-flex wpr-particle-no wpr-jarallax-no wpr-parallax-no wpr-sticky-section-no elementor-invisible e-con e-parent\" data-id=\"26c65ac\" data-element_type=\"container\" data-settings=\"{&quot;background_background&quot;:&quot;classic&quot;,&quot;position&quot;:&quot;fixed&quot;,&quot;animation&quot;:&quot;slideInDown&quot;,&quot;animation_tablet&quot;:&quot;slideInDown&quot;}\">\n\t\t<div class=\"elementor-element elementor-element-9cbc999 e-con-full e-flex wpr-particle-no wpr-jarallax-no wpr-parallax-no wpr-sticky-section-no e-con e-child\" data-id=\"9cbc999\" data-element_type=\"container\">\n\t\t\t\t<div class=\"elementor-element elementor-element-3396d6e elementor-widget__width-initial elementor-widget-tablet__width-initial elementor-widget-mobile__width-initial elementor-widget elementor-widget-image\" data-id=\"3396d6e\" data-element_type=\"widget\" data-widget_type=\"image.default\">\n\t\t\t\t<div class=\"elementor-widget-container\">\n\t\t\t\t\t\t\t\t\t\t\t\t\t<img fetchpriority=\"high\" decoding=\"async\" width=\"7118\" height=\"1250\" src=\"https:\/\/mopycsa.com\/wp-content\/uploads\/2024\/10\/logo-mopycsa.png\" class=\"attachment-full size-full wp-image-15\" alt=\"\" srcset=\"https:\/\/mopycsa.com\/wp-content\/uploads\/2024\/10\/logo-mopycsa.png 7118w, https:\/\/mopycsa.com\/wp-content\/uploads\/2024\/10\/logo-mopycsa-300x53.png 300w, https:\/\/mopycsa.com\/wp-content\/uploads\/2024\/10\/logo-mopycsa-1024x180.png 1024w, https:\/\/mopycsa.com\/wp-content\/uploads\/2024\/10\/logo-mopycsa-768x135.png 768w, https:\/\/mopycsa.com\/wp-content\/uploads\/2024\/10\/logo-mopycsa-1536x270.png 1536w, https:\/\/mopycsa.com\/wp-content\/uploads\/2024\/10\/logo-mopycsa-2048x360.png 2048w\" sizes=\"(max-width: 7118px) 100vw, 7118px\" \/>\t\t\t\t\t\t\t\t\t\t\t\t\t<\/div>\n\t\t\t\t<\/div>\n\t\t\t\t<div class=\"elementor-element elementor-element-5504428 wpr-main-menu-align-right wpr-main-menu-align--tabletcenter wpr-nav-menu-bp-tablet wpr-main-menu-align--mobileleft wpr-pointer-underline wpr-pointer-line-fx wpr-pointer-fx-fade wpr-sub-icon-caret-down wpr-sub-menu-fx-fade wpr-mobile-menu-full-width wpr-mobile-menu-item-align-center wpr-mobile-toggle-v1 wpr-sub-divider-yes wpr-mobile-divider-yes elementor-widget elementor-widget-wpr-nav-menu\" data-id=\"5504428\" data-element_type=\"widget\" data-settings=\"{&quot;menu_layout&quot;:&quot;horizontal&quot;}\" data-widget_type=\"wpr-nav-menu.default\">\n\t\t\t\t<div class=\"elementor-widget-container\">\n\t\t\t<nav class=\"wpr-nav-menu-container wpr-nav-menu-horizontal\" data-trigger=\"hover\"><ul id=\"menu-1-5504428\" class=\"wpr-nav-menu\"><li class=\"menu-item menu-item-type-custom menu-item-object-custom menu-item-19\"><a href=\"\/en\/#nosotros\" class=\"wpr-menu-item wpr-pointer-item\">Nosotros<\/a><\/li>\n<li class=\"menu-item menu-item-type-custom menu-item-object-custom menu-item-20\"><a href=\"\/en\/#tecnologias\" class=\"wpr-menu-item wpr-pointer-item\">Tecnolog\u00edas<\/a><\/li>\n<li class=\"menu-item menu-item-type-custom menu-item-object-custom menu-item-21\"><a href=\"\/en\/#servicios\" class=\"wpr-menu-item wpr-pointer-item\">Servicio T\u00e9cnico<\/a><\/li>\n<li class=\"menu-item menu-item-type-custom menu-item-object-custom menu-item-22\"><a href=\"\/en\/#blog\" class=\"wpr-menu-item wpr-pointer-item\">Blog<\/a><\/li>\n<li class=\"menu-item menu-item-type-custom menu-item-object-custom menu-item-23\"><a href=\"#contacto\" class=\"wpr-menu-item wpr-pointer-item\">Contacto<\/a><\/li>\n<\/ul><\/nav><nav class=\"wpr-mobile-nav-menu-container\"><div class=\"wpr-mobile-toggle-wrap\"><div class=\"wpr-mobile-toggle\"><span class=\"wpr-mobile-toggle-line\"><\/span><span class=\"wpr-mobile-toggle-line\"><\/span><span class=\"wpr-mobile-toggle-line\"><\/span><\/div><\/div><ul id=\"mobile-menu-2-5504428\" class=\"wpr-mobile-nav-menu\"><li class=\"menu-item menu-item-type-custom menu-item-object-custom menu-item-19\"><a href=\"\/en\/#nosotros\" class=\"wpr-mobile-menu-item\">Nosotros<\/a><\/li>\n<li class=\"menu-item menu-item-type-custom menu-item-object-custom menu-item-20\"><a href=\"\/en\/#tecnologias\" class=\"wpr-mobile-menu-item\">Tecnolog\u00edas<\/a><\/li>\n<li class=\"menu-item menu-item-type-custom menu-item-object-custom menu-item-21\"><a href=\"\/en\/#servicios\" class=\"wpr-mobile-menu-item\">Servicio T\u00e9cnico<\/a><\/li>\n<li class=\"menu-item menu-item-type-custom menu-item-object-custom menu-item-22\"><a href=\"\/en\/#blog\" class=\"wpr-mobile-menu-item\">Blog<\/a><\/li>\n<li class=\"menu-item menu-item-type-custom menu-item-object-custom menu-item-23\"><a href=\"#contacto\" class=\"wpr-mobile-menu-item\">Contacto<\/a><\/li>\n<\/ul><\/nav>\t\t<\/div>\n\t\t\t\t<\/div>\n\t\t\t\t<\/div>\n\t\t\t\t<\/div>\n\t\t<div class=\"elementor-element elementor-element-7d4332b e-con-full e-flex wpr-particle-no wpr-jarallax-no wpr-parallax-no wpr-sticky-section-no e-con e-parent\" data-id=\"7d4332b\" data-element_type=\"container\">\n\t\t\t\t<div class=\"elementor-element elementor-element-f6dc81e elementor-widget elementor-widget-heading\" data-id=\"f6dc81e\" data-element_type=\"widget\" data-widget_type=\"heading.default\">\n\t\t\t\t<div class=\"elementor-widget-container\">\n\t\t\t<h2 class=\"elementor-heading-title elementor-size-default\">SR-75<\/h2>\t\t<\/div>\n\t\t\t\t<\/div>\n\t\t\t\t<div class=\"elementor-element elementor-element-4c2a049 elementor-widget elementor-widget-image\" data-id=\"4c2a049\" data-element_type=\"widget\" data-widget_type=\"image.default\">\n\t\t\t\t<div class=\"elementor-widget-container\">\n\t\t\t\t\t\t\t\t\t\t\t\t\t<img decoding=\"async\" width=\"1280\" height=\"853\" src=\"https:\/\/mopycsa.com\/wp-content\/uploads\/2024\/11\/SR75.jpg\" class=\"attachment-full size-full wp-image-205\" alt=\"\" srcset=\"https:\/\/mopycsa.com\/wp-content\/uploads\/2024\/11\/SR75.jpg 1280w, https:\/\/mopycsa.com\/wp-content\/uploads\/2024\/11\/SR75-300x200.jpg 300w, https:\/\/mopycsa.com\/wp-content\/uploads\/2024\/11\/SR75-1024x682.jpg 1024w, https:\/\/mopycsa.com\/wp-content\/uploads\/2024\/11\/SR75-768x512.jpg 768w\" sizes=\"(max-width: 1280px) 100vw, 1280px\" \/>\t\t\t\t\t\t\t\t\t\t\t\t\t<\/div>\n\t\t\t\t<\/div>\n\t\t\t\t<div class=\"elementor-element elementor-element-51006aa elementor-widget elementor-widget-text-editor\" data-id=\"51006aa\" data-element_type=\"widget\" data-widget_type=\"text-editor.default\">\n\t\t\t\t<div class=\"elementor-widget-container\">\n\t\t\t\t\t\t\t<p><strong>Introducing the New SR-75 Blue Tech<\/strong><\/p><p>The SR-75 Blue Tech combines cutting-edge technology, innovative design, and enhanced comfort to deliver peak performance in any environment. With optimized hydraulic response and finely-tuned control, this rig ensures smoother, more efficient operations.<\/p><p><strong>Blue Tech Line<\/strong><\/p><p>The Blue Tech line embodies all the advancements of the High Tech line, with enhanced features for maximum efficiency and sustainability:<\/p><p>&#8211; High productivity across all duty cycles<br \/>&#8211; Plug &amp; Play compatibility with various drilling technologies<br \/>&#8211; Fuel savings up to 23% daily<br \/>&#8211; Low noise levels and reduced environmental impact<br \/>&#8211; Outstanding efficiency and extreme performance<br \/>&#8211; Quick, intelligent maintenance<br \/>&#8211; Upgraded operator cabin for added comfort<\/p>\t\t\t\t\t\t<\/div>\n\t\t\t\t<\/div>\n\t\t\t\t<div class=\"elementor-element elementor-element-f9d967c elementor-widget elementor-widget-html\" data-id=\"f9d967c\" data-element_type=\"widget\" data-widget_type=\"html.default\">\n\t\t\t\t<div class=\"elementor-widget-container\">\n\t\t\t<table style=\"width:100%; border-collapse:collapse;\">\r\n    <thead>\r\n        <tr>\r\n            <th style=\"text-align:center;\">Specification<\/th>\r\n            <th style=\"text-align:center;\">Unit<\/th>\r\n            <th style=\"text-align:center;\">Value<\/th>\r\n        <\/tr>\r\n    <\/thead>\r\n    <tbody>\r\n        <tr><td colspan=\"3\"><strong>Technical data<\/strong><\/td><\/tr>\r\n        <tr>\r\n            <td>Diesel engine T3\/Stage V<\/td>\r\n            <td>kW<\/td>\r\n            <td>345<\/td>\r\n        <\/tr>\r\n        <tr>\r\n            <td>Max torque<\/td>\r\n            <td>kNm<\/td>\r\n            <td>293<\/td>\r\n        <\/tr>\r\n        <tr>\r\n            <td>Weight<\/td>\r\n            <td>t<\/td>\r\n            <td>71<\/td>\r\n        <\/tr>\r\n        <tr>\r\n            <td>CCS - Cylinder Crowd System pull up\/down<\/td>\r\n            <td>kN<\/td>\r\n            <td>313\/204<\/td>\r\n        <\/tr>\r\n        <tr>\r\n            <td>Main winch<\/td>\r\n            <td>kN<\/td>\r\n            <td>270<\/td>\r\n        <\/tr>\r\n        <tr>\r\n            <td>Min. transport weight<\/td>\r\n            <td>t<\/td>\r\n            <td>50.5<\/td>\r\n        <\/tr>\r\n        <tr>\r\n            <td>WCS - Winch Crowd System pull up\/down<\/td>\r\n            <td>kN<\/td>\r\n            <td>408\/408<\/td>\r\n        <\/tr>\r\n        <tr><td colspan=\"3\"><strong>LDP - LARGE DIAMETER PILE<\/strong><\/td><\/tr>\r\n        <tr>\r\n            <td>Max Diameter (LDP) CCS\/WCS<\/td>\r\n            <td>mm<\/td>\r\n            <td>2300\/2000<\/td>\r\n        <\/tr>\r\n        <tr>\r\n            <td>Max depth (LDP)<\/td>\r\n            <td>m<\/td>\r\n            <td>93<\/td>\r\n        <\/tr>\r\n        <tr><td colspan=\"3\"><strong>CFA - CONTINUOUS FLIGHT AUGER<\/strong><\/td><\/tr>\r\n        <tr>\r\n            <td>Max diameter (CFA)<\/td>\r\n            <td>mm<\/td>\r\n            <td>1200<\/td>\r\n        <\/tr>\r\n        <tr>\r\n            <td>Max depth (CFA)<\/td>\r\n            <td>m<\/td>\r\n            <td>29<\/td>\r\n        <\/tr>\r\n        <tr><td colspan=\"3\"><strong>CAP\/CSP - CASED AUGERED AND SECANT PILE<\/strong><\/td><\/tr>\r\n        <tr>\r\n            <td>Max diameter (CAP\/CSP)<\/td>\r\n            <td>mm<\/td>\r\n            <td>620<\/td>\r\n        <\/tr>\r\n        <tr>\r\n            <td>Max pile depth (CAP\/CSP)<\/td>\r\n            <td>m<\/td>\r\n            <td>18.3<\/td>\r\n        <\/tr>\r\n        <tr>\r\n            <td>Max cased depth (CAP\/CSP)<\/td>\r\n            <td>m<\/td>\r\n            <td>18<\/td>\r\n        <\/tr>\r\n        <tr><td colspan=\"3\"><strong>DP - DISPLACEMENT PILE<\/strong><\/td><\/tr>\r\n        <tr>\r\n            <td>Max diameter (DP)<\/td>\r\n            <td>mm<\/td>\r\n            <td>600<\/td>\r\n        <\/tr>\r\n        <tr>\r\n            <td>Max TCT diameter (DP)<\/td>\r\n            <td>mm<\/td>\r\n            <td>800<\/td>\r\n        <\/tr>\r\n        <tr>\r\n            <td>Max pile depth (DP)<\/td>\r\n            <td>m<\/td>\r\n            <td>30.4<\/td>\r\n        <\/tr>\r\n        <tr><td colspan=\"3\"><strong>TJ - TURBOJET<\/strong><\/td><\/tr>\r\n        <tr>\r\n            <td>Max diameter (TJ)<\/td>\r\n            <td>mm<\/td>\r\n            <td>1700<\/td>\r\n        <\/tr>\r\n        <tr>\r\n            <td>Max depth (TJ)<\/td>\r\n            <td>m<\/td>\r\n            <td>30.4<\/td>\r\n        <\/tr>\r\n    <\/tbody>\r\n<\/table>\r\n\t\t<\/div>\n\t\t\t\t<\/div>\n\t\t\t\t<\/div>\n\t\t\t\t<section class=\"elementor-section elementor-top-section elementor-element elementor-element-7395b4f80 elementor-section-full_width elementor-section-height-default elementor-section-height-default wpr-particle-no wpr-jarallax-no wpr-parallax-no wpr-sticky-section-no\" data-id=\"7395b4f80\" data-element_type=\"section\" data-settings=\"{&quot;background_background&quot;:&quot;classic&quot;}\">\n\t\t\t\t\t\t<div class=\"elementor-container elementor-column-gap-default\">\n\t\t\t\t\t<div class=\"elementor-column elementor-col-100 elementor-top-column elementor-element elementor-element-3584fe33\" data-id=\"3584fe33\" data-element_type=\"column\">\n\t\t\t<div class=\"elementor-widget-wrap elementor-element-populated\">\n\t\t\t\t\t\t<div class=\"elementor-element elementor-element-35ba4f0 elementor-widget elementor-widget-heading\" data-id=\"35ba4f0\" data-element_type=\"widget\" data-widget_type=\"heading.default\">\n\t\t\t\t<div class=\"elementor-widget-container\">\n\t\t\t<h2 class=\"elementor-heading-title elementor-size-default\">El proyecto de creaci\u00f3n de esta p\u00e1gina web ha sido \u201cfinanciado por la Uni\u00f3n Europea \u2013 NextGeneration EU\u201d, en base al Programa Kit Digital gestionado por Red.es, entidad adscrita al Ministerio de Asuntos Econ\u00f3micos y Transformaci\u00f3n Digital del Gobierno de Espa\u00f1a-.\n\nAyuda: 2.000,00 \u20ac. Benificiario: MOPYC, S.A.<\/h2>\t\t<\/div>\n\t\t\t\t<\/div>\n\t\t\t\t<div class=\"elementor-element elementor-element-dfc315a elementor-widget elementor-widget-image\" data-id=\"dfc315a\" data-element_type=\"widget\" data-widget_type=\"image.default\">\n\t\t\t\t<div class=\"elementor-widget-container\">\n\t\t\t\t\t\t\t\t\t\t\t\t\t<img decoding=\"async\" width=\"558\" height=\"138\" src=\"https:\/\/mopycsa.com\/wp-content\/uploads\/2024\/10\/ng-1.png\" class=\"attachment-large size-large wp-image-142\" alt=\"\" srcset=\"https:\/\/mopycsa.com\/wp-content\/uploads\/2024\/10\/ng-1.png 558w, https:\/\/mopycsa.com\/wp-content\/uploads\/2024\/10\/ng-1-300x74.png 300w\" sizes=\"(max-width: 558px) 100vw, 558px\" \/>\t\t\t\t\t\t\t\t\t\t\t\t\t<\/div>\n\t\t\t\t<\/div>\n\t\t\t\t<section class=\"elementor-section elementor-inner-section elementor-element elementor-element-643178a3 elementor-section-full_width elementor-section-height-default elementor-section-height-default wpr-particle-no wpr-jarallax-no wpr-parallax-no wpr-sticky-section-no\" data-id=\"643178a3\" data-element_type=\"section\">\n\t\t\t\t\t\t<div class=\"elementor-container elementor-column-gap-default\">\n\t\t\t\t\t<div class=\"elementor-column elementor-col-33 elementor-inner-column elementor-element elementor-element-6b7310af\" data-id=\"6b7310af\" data-element_type=\"column\">\n\t\t\t<div class=\"elementor-widget-wrap elementor-element-populated\">\n\t\t\t\t\t\t<div class=\"elementor-element elementor-element-3f38884c e-grid-align-left elementor-shape-rounded elementor-grid-0 elementor-widget elementor-widget-social-icons\" data-id=\"3f38884c\" data-element_type=\"widget\" data-widget_type=\"social-icons.default\">\n\t\t\t\t<div class=\"elementor-widget-container\">\n\t\t\t\t\t<div class=\"elementor-social-icons-wrapper elementor-grid\">\n\t\t\t\t\t\t\t<span class=\"elementor-grid-item\">\n\t\t\t\t\t<a class=\"elementor-icon elementor-social-icon elementor-social-icon-linkedin elementor-repeater-item-eb96839\" href=\"https:\/\/es.linkedin.com\/company\/mopycsa\" target=\"_blank\">\n\t\t\t\t\t\t<span class=\"elementor-screen-only\">Linkedin<\/span>\n\t\t\t\t\t\t<svg class=\"e-font-icon-svg e-fab-linkedin\" viewbox=\"0 0 448 512\" xmlns=\"http:\/\/www.w3.org\/2000\/svg\"><path d=\"M416 32H31.9C14.3 32 0 46.5 0 64.3v383.4C0 465.5 14.3 480 31.9 480H416c17.6 0 32-14.5 32-32.3V64.3c0-17.8-14.4-32.3-32-32.3zM135.4 416H69V202.2h66.5V416zm-33.2-243c-21.3 0-38.5-17.3-38.5-38.5S80.9 96 102.2 96c21.2 0 38.5 17.3 38.5 38.5 0 21.3-17.2 38.5-38.5 38.5zm282.1 243h-66.4V312c0-24.8-.5-56.7-34.5-56.7-34.6 0-39.9 27-39.9 54.9V416h-66.4V202.2h63.7v29.2h.9c8.9-16.8 30.6-34.5 62.9-34.5 67.2 0 79.7 44.3 79.7 101.9V416z\"><\/path><\/svg>\t\t\t\t\t<\/a>\n\t\t\t\t<\/span>\n\t\t\t\t\t<\/div>\n\t\t\t\t<\/div>\n\t\t\t\t<\/div>\n\t\t\t\t\t<\/div>\n\t\t<\/div>\n\t\t\t\t<div class=\"elementor-column elementor-col-33 elementor-inner-column elementor-element elementor-element-11d3096f\" data-id=\"11d3096f\" data-element_type=\"column\">\n\t\t\t<div class=\"elementor-widget-wrap elementor-element-populated\">\n\t\t\t\t\t\t<div class=\"elementor-element elementor-element-e9107f elementor-widget elementor-widget-text-editor\" data-id=\"e9107f\" data-element_type=\"widget\" data-widget_type=\"text-editor.default\">\n\t\t\t\t<div class=\"elementor-widget-container\">\n\t\t\t\t\t\t\t<p>Links<\/p>\t\t\t\t\t\t<\/div>\n\t\t\t\t<\/div>\n\t\t\t\t<div class=\"elementor-element elementor-element-20104326 elementor-widget elementor-widget-heading\" data-id=\"20104326\" data-element_type=\"widget\" data-widget_type=\"heading.default\">\n\t\t\t\t<div class=\"elementor-widget-container\">\n\t\t\t<p class=\"elementor-heading-title elementor-size-default\"><a href=\"\/en\/cookies\/\">Aviso Legal<\/a><\/p>\t\t<\/div>\n\t\t\t\t<\/div>\n\t\t\t\t<div class=\"elementor-element elementor-element-e4d6fd7 elementor-widget elementor-widget-heading\" data-id=\"e4d6fd7\" data-element_type=\"widget\" data-widget_type=\"heading.default\">\n\t\t\t\t<div class=\"elementor-widget-container\">\n\t\t\t<p class=\"elementor-heading-title elementor-size-default\"><a href=\"\/en\/cookies\/\">Pol\u00edtica de Cookies<\/a><\/p>\t\t<\/div>\n\t\t\t\t<\/div>\n\t\t\t\t<div class=\"elementor-element elementor-element-45c4a423 elementor-widget elementor-widget-heading\" data-id=\"45c4a423\" data-element_type=\"widget\" data-widget_type=\"heading.default\">\n\t\t\t\t<div class=\"elementor-widget-container\">\n\t\t\t<p class=\"elementor-heading-title elementor-size-default\"><a href=\"\/en\/privacy\/\">Pol\u00edtica de Privacidad<\/a><\/p>\t\t<\/div>\n\t\t\t\t<\/div>\n\t\t\t\t\t<\/div>\n\t\t<\/div>\n\t\t\t\t<div class=\"elementor-column elementor-col-33 elementor-inner-column elementor-element elementor-element-3fcb0665\" data-id=\"3fcb0665\" data-element_type=\"column\">\n\t\t\t<div class=\"elementor-widget-wrap elementor-element-populated\">\n\t\t\t\t\t\t<div class=\"elementor-element elementor-element-67e101be elementor-widget elementor-widget-text-editor\" data-id=\"67e101be\" data-element_type=\"widget\" data-widget_type=\"text-editor.default\">\n\t\t\t\t<div class=\"elementor-widget-container\">\n\t\t\t\t\t\t\t<p>Contacto<\/p>\t\t\t\t\t\t<\/div>\n\t\t\t\t<\/div>\n\t\t\t\t<div class=\"elementor-element elementor-element-40e0f94e elementor-widget elementor-widget-heading\" data-id=\"40e0f94e\" data-element_type=\"widget\" data-widget_type=\"heading.default\">\n\t\t\t\t<div class=\"elementor-widget-container\">\n\t\t\t<p class=\"elementor-heading-title elementor-size-default\">mopycsa@mopycsa.com<\/p>\t\t<\/div>\n\t\t\t\t<\/div>\n\t\t\t\t<div class=\"elementor-element elementor-element-12f57a4f elementor-widget elementor-widget-heading\" data-id=\"12f57a4f\" data-element_type=\"widget\" data-widget_type=\"heading.default\">\n\t\t\t\t<div class=\"elementor-widget-container\">\n\t\t\t<p class=\"elementor-heading-title elementor-size-default\">+34 91 467 03 11<\/p>\t\t<\/div>\n\t\t\t\t<\/div>\n\t\t\t\t<div class=\"elementor-element elementor-element-143e3454 elementor-widget elementor-widget-heading\" data-id=\"143e3454\" data-element_type=\"widget\" data-widget_type=\"heading.default\">\n\t\t\t\t<div class=\"elementor-widget-container\">\n\t\t\t<p class=\"elementor-heading-title elementor-size-default\">M\u00e9ndez \u00c1lvaro 8<br>28045<br>Madrid<\/p>\t\t<\/div>\n\t\t\t\t<\/div>\n\t\t\t\t\t<\/div>\n\t\t<\/div>\n\t\t\t\t\t<\/div>\n\t\t<\/section>\n\t\t\t\t<div class=\"elementor-element elementor-element-471e9d51 elementor-widget-divider--view-line elementor-widget elementor-widget-divider\" data-id=\"471e9d51\" data-element_type=\"widget\" data-widget_type=\"divider.default\">\n\t\t\t\t<div class=\"elementor-widget-container\">\n\t\t\t\t\t<div class=\"elementor-divider\">\n\t\t\t<span class=\"elementor-divider-separator\">\n\t\t\t\t\t\t<\/span>\n\t\t<\/div>\n\t\t\t\t<\/div>\n\t\t\t\t<\/div>\n\t\t\t\t<div class=\"elementor-element elementor-element-4069b5ab elementor-widget elementor-widget-text-editor\" data-id=\"4069b5ab\" data-element_type=\"widget\" data-widget_type=\"text-editor.default\">\n\t\t\t\t<div class=\"elementor-widget-container\">\n\t\t\t\t\t\t\t<p>\u00a9 2024 MOPYCSA<\/p>\t\t\t\t\t\t<\/div>\n\t\t\t\t<\/div>\n\t\t\t\t\t<\/div>\n\t\t<\/div>\n\t\t\t\t\t<\/div>\n\t\t<\/section>\n\t\t\t\t<\/div>","protected":false},"excerpt":{"rendered":"<p>Nosotros Tecnolog\u00edas Servicio T\u00e9cnico Blog Contacto Nosotros Tecnolog\u00edas Servicio T\u00e9cnico Blog Contacto SR-75 Introducing the New SR-75 Blue Tech The SR-75 Blue Tech combines cutting-edge technology, innovative design, and enhanced comfort to deliver peak performance in any environment. With optimized hydraulic response and finely-tuned control, this rig ensures smoother, more efficient operations. Blue Tech Line The Blue Tech line embodies all the advancements of the High Tech line, with enhanced features for maximum efficiency and sustainability: &#8211; High productivity across all duty cycles&#8211; Plug &amp; Play compatibility with various drilling technologies&#8211; Fuel savings up to 23% daily&#8211; Low noise levels and reduced environmental impact&#8211; Outstanding efficiency and extreme performance&#8211; Quick, intelligent maintenance&#8211; Upgraded operator cabin for added comfort Specification Unit Value Technical data Diesel engine T3\/Stage V kW 345 Max torque kNm 293 Weight t 71 CCS &#8211; Cylinder Crowd System pull up\/down kN 313\/204 Main winch kN 270 Min. transport weight t 50.5 WCS &#8211; Winch Crowd System pull up\/down kN 408\/408 LDP &#8211; LARGE DIAMETER PILE Max Diameter (LDP) CCS\/WCS mm 2300\/2000 Max depth (LDP) m 93 CFA &#8211; CONTINUOUS FLIGHT AUGER Max diameter (CFA) mm 1200 Max depth (CFA) m 29 CAP\/CSP &#8211; CASED AUGERED AND SECANT PILE Max diameter (CAP\/CSP) mm 620 Max pile depth (CAP\/CSP) m 18.3 Max cased depth (CAP\/CSP) m 18 DP &#8211; DISPLACEMENT PILE Max diameter (DP) mm 600 Max TCT diameter (DP) mm 800 Max pile depth (DP) m 30.4 TJ &#8211; TURBOJET Max diameter (TJ) mm 1700 Max depth (TJ) m 30.4 El proyecto de creaci\u00f3n de esta p\u00e1gina web ha sido \u201cfinanciado por la Uni\u00f3n Europea \u2013 NextGeneration EU\u201d, en base al Programa Kit Digital gestionado por Red.es, entidad adscrita al Ministerio de Asuntos Econ\u00f3micos y Transformaci\u00f3n Digital del Gobierno de Espa\u00f1a-. Ayuda: 2.000,00 \u20ac. Benificiario: MOPYC, S.A. Linkedin Links Aviso Legal Pol\u00edtica de Cookies Pol\u00edtica de Privacidad Contacto mopycsa@mopycsa.com +34 91 467 03 11 M\u00e9ndez \u00c1lvaro 828045Madrid \u00a9 2024 MOPYCSA<\/p>","protected":false},"author":2,"featured_media":0,"parent":0,"menu_order":0,"comment_status":"closed","ping_status":"closed","template":"","meta":{"footnotes":""},"class_list":["post-190","page","type-page","status-publish","hentry"],"_links":{"self":[{"href":"https:\/\/mopycsa.com\/en\/wp-json\/wp\/v2\/pages\/190","targetHints":{"allow":["GET"]}}],"collection":[{"href":"https:\/\/mopycsa.com\/en\/wp-json\/wp\/v2\/pages"}],"about":[{"href":"https:\/\/mopycsa.com\/en\/wp-json\/wp\/v2\/types\/page"}],"author":[{"embeddable":true,"href":"https:\/\/mopycsa.com\/en\/wp-json\/wp\/v2\/users\/2"}],"replies":[{"embeddable":true,"href":"https:\/\/mopycsa.com\/en\/wp-json\/wp\/v2\/comments?post=190"}],"version-history":[{"count":8,"href":"https:\/\/mopycsa.com\/en\/wp-json\/wp\/v2\/pages\/190\/revisions"}],"predecessor-version":[{"id":209,"href":"https:\/\/mopycsa.com\/en\/wp-json\/wp\/v2\/pages\/190\/revisions\/209"}],"wp:attachment":[{"href":"https:\/\/mopycsa.com\/en\/wp-json\/wp\/v2\/media?parent=190"}],"curies":[{"name":"wp","href":"https:\/\/api.w.org\/{rel}","templated":true}]}}